{"id":9451,"date":"2023-02-01T14:44:33","date_gmt":"2023-02-01T14:44:33","guid":{"rendered":"https:\/\/giconmes.es\/service-technique\/"},"modified":"2024-09-17T10:15:19","modified_gmt":"2024-09-17T10:15:19","slug":"service-technique","status":"publish","type":"page","link":"https:\/\/giconmes.es\/fr\/service-technique\/","title":{"rendered":"Service technique"},"content":{"rendered":"\n<div class=\"wp-block-cover alignfull is-light is-style-hero-cover\" style=\"min-height:784px;aspect-ratio:unset;\"><span aria-hidden=\"true\" class=\"wp-block-cover__background has-body-white-background-color has-background-dim\"><\/span><img loading=\"lazy\" decoding=\"async\" width=\"1441\" height=\"1377\" class=\"wp-block-cover__image-background wp-image-234\" alt=\". Generadores de vapor industrial Giconmes\" src=\"https:\/\/giconmes.es\/wp-content\/uploads\/2023\/02\/BG-TEST.jpg\" style=\"object-position:0% 0%\" data-object-fit=\"cover\" data-object-position=\"0% 0%\" title=\"Generadores de vapor industrial Giconmes\" srcset=\"https:\/\/giconmes.es\/wp-content\/uploads\/2023\/02\/BG-TEST.jpg 1441w, https:\/\/giconmes.es\/wp-content\/uploads\/2023\/02\/BG-TEST-300x287.jpg 300w, https:\/\/giconmes.es\/wp-content\/uploads\/2023\/02\/BG-TEST-1024x979.jpg 1024w, https:\/\/giconmes.es\/wp-content\/uploads\/2023\/02\/BG-TEST-768x734.jpg 768w\" sizes=\"auto, (max-width: 1441px) 100vw, 1441px\" \/><div class=\"wp-block-cover__inner-container is-layout-flow wp-block-cover-is-layout-flow\">\n<div style=\"height:144px\" aria-hidden=\"true\" class=\"wp-block-spacer dnone-mobile\"><\/div>\n\n\n\n<div class=\"wp-block-columns is-layout-flex wp-container-core-columns-is-layout-1 wp-block-columns-is-layout-flex\">\n<div class=\"wp-block-column is-layout-flow wp-block-column-is-layout-flow\">\n<p class=\"text-h6 has-body-medium-color has-text-color\">Service technique officiel de GICONMES<\/p>\n<\/div>\n<\/div>\n\n\n\n<div class=\"wp-block-columns is-layout-flex wp-container-core-columns-is-layout-2 wp-block-columns-is-layout-flex\">\n<div class=\"wp-block-column border--right_start is-layout-flow wp-block-column-is-layout-flow\" style=\"flex-basis:50%\">\n<h1 class=\"wp-block-heading text-h1\">Service <span class=\"has-primary-color has-text-color\">technique<\/span><\/h1>\n<\/div>\n\n\n\n<div class=\"wp-block-column dnone-tablet is-layout-flow wp-block-column-is-layout-flow\" style=\"flex-basis:8.3%\"><\/div>\n\n\n\n<div class=\"wp-block-column is-layout-flow wp-block-column-is-layout-flow\">\n<p class=\"text-h5 has-medium-font-size\"><strong>R\u00e9seau d&rsquo;assistance technique \u00e9tendu, fourni par les distributeurs officiels<\/strong><\/p>\n\n\n\n<p class=\"has-medium-font-size\">Les g\u00e9n\u00e9rateurs comprennent des chaudi\u00e8res avec diff\u00e9rents niveaux de puissance, de pression et de d\u00e9bit de vapeur pour r\u00e9pondre \u00e0 tous les besoins.<\/p>\n\n\n\n<div style=\"height:32px\" aria-hidden=\"true\" class=\"wp-block-spacer\"><\/div>\n\n\n\n<p><strong><a href=\"https:\/\/giconmes.es\/fr\/contact\/\" data-type=\"page\" data-id=\"193\">POUVONS-NOUS VOUS AIDER ?<\/a><\/strong><\/p>\n<\/div>\n<\/div>\n\n\n\n<div class=\"wp-block-columns is-layout-flex wp-container-core-columns-is-layout-3 wp-block-columns-is-layout-flex\">\n<div class=\"wp-block-column is-layout-flow wp-block-column-is-layout-flow\">\n<figure class=\"wp-block-image size-full\"><a href=\"#breadcrumbs\"><img decoding=\"async\" src=\"https:\/\/giconmes.es\/wp-content\/uploads\/2023\/07\/arrow-down.svg\" alt=\"Parchemin\" class=\"wp-image-221\" title=\"Generadores de vapor industrial Giconmes\"><\/a><\/figure>\n<\/div>\n<\/div>\n\n\n\n<div style=\"height:96px\" aria-hidden=\"true\" class=\"wp-block-spacer dnone-mobile\"><\/div>\n<\/div><\/div>\n<div id=\"breadcrumbs\" class=\"alignfull\"><nav aria-label=\"breadcrumbs\" class=\"rank-math-breadcrumb\"><p><span class=\"label\">VAPOR PARA LA INDUSTRIA \u00bb<\/span> <span class=\"last\">Giconmes<\/span><\/p><\/nav><\/div>\n<div class=\"wp-block-columns mb-0 is-layout-flex wp-container-core-columns-is-layout-4 wp-block-columns-is-layout-flex\">\n<div class=\"wp-block-column is-layout-flow wp-block-column-is-layout-flow\" style=\"flex-basis:58.3%\">\n<div style=\"height:112px\" aria-hidden=\"true\" class=\"wp-block-spacer\"><\/div>\n\n\n\n<h2 class=\"wp-block-heading text-h6\">UN ENTRETIEN R\u00c9GULIER ET FACILE<\/h2>\n\n\n\n<div style=\"height:16px\" aria-hidden=\"true\" class=\"wp-block-spacer\"><\/div>\n\n\n\n<p class=\"text-h2\">Fiabilit\u00e9 maximale de tous les composants fournis<\/p>\n<\/div>\n\n\n\n<div class=\"wp-block-column dnone-tablet is-layout-flow wp-block-column-is-layout-flow\" style=\"flex-basis:8.3%\">\n<figure class=\"wp-block-image size-full\"><img loading=\"lazy\" decoding=\"async\" width=\"9\" height=\"544\" src=\"https:\/\/giconmes.es\/wp-content\/uploads\/2023\/02\/LINE.png\" alt=\". Generadores de vapor industrial Giconmes\" class=\"wp-image-255\" title=\"Generadores de vapor industrial Giconmes\"><\/figure>\n<\/div>\n\n\n\n<div class=\"wp-block-column is-layout-flow wp-block-column-is-layout-flow\" style=\"flex-basis:33.33%\">\n<div style=\"height:160px\" aria-hidden=\"true\" class=\"wp-block-spacer dnone-mobile\"><\/div>\n\n\n\n<p><strong>L&rsquo;entretien est la cl\u00e9 pour prolonger la dur\u00e9e de vie des g\u00e9n\u00e9rateurs de vapeur.<\/strong><\/p>\n\n\n\n<p>Les g\u00e9n\u00e9rateurs de vapeur Giconmes n\u00e9cessitent peu d&rsquo;entretien et sont faciles \u00e0 entretenir.\nCependant, un entretien r\u00e9gulier est important car il garantit la fiabilit\u00e9 op\u00e9rationnelle et la s\u00e9curit\u00e9 contre les pannes, ainsi qu&rsquo;une longue dur\u00e9e de vie de votre syst\u00e8me. <\/p>\n<\/div>\n<\/div>\n\n<div class=\"wp-block-group alignfull has-bg-20-background-color has-background\"><div class=\"wp-block-group__inner-container is-layout-constrained wp-block-group-is-layout-constrained\">\n<div class=\"wp-block-columns is-layout-flex wp-container-core-columns-is-layout-5 wp-block-columns-is-layout-flex\">\n<div class=\"wp-block-column is-layout-flow wp-block-column-is-layout-flow\">\n<div class=\"wp-block-query productos is-layout-flow wp-block-query-is-layout-flow\"><\/div>\n<\/div>\n<\/div>\n<\/div><\/div>\n\n<div style=\"height:64px\" aria-hidden=\"true\" class=\"wp-block-spacer\"><\/div>\n\n<div class=\"wp-block-cover alignwide\" style=\"min-height:784px;aspect-ratio:unset;\"><span aria-hidden=\"true\" class=\"wp-block-cover__background has-primary-100-background-color has-background-dim\"><\/span><img loading=\"lazy\" decoding=\"async\" width=\"1312\" height=\"844\" class=\"wp-block-cover__image-background wp-image-653\" alt=\". Generadores de vapor industrial Giconmes\" src=\"https:\/\/giconmes.es\/wp-content\/uploads\/2023\/02\/CTA-4.jpg\" data-object-fit=\"cover\" title=\"Generadores de vapor industrial Giconmes\" srcset=\"https:\/\/giconmes.es\/wp-content\/uploads\/2023\/02\/CTA-4.jpg 1312w, https:\/\/giconmes.es\/wp-content\/uploads\/2023\/02\/CTA-4-300x193.jpg 300w, https:\/\/giconmes.es\/wp-content\/uploads\/2023\/02\/CTA-4-1024x659.jpg 1024w, https:\/\/giconmes.es\/wp-content\/uploads\/2023\/02\/CTA-4-768x494.jpg 768w\" sizes=\"auto, (max-width: 1312px) 100vw, 1312px\" \/><div class=\"wp-block-cover__inner-container is-layout-flow wp-block-cover-is-layout-flow\">\n<div style=\"height:124px\" aria-hidden=\"true\" class=\"wp-block-spacer\"><\/div>\n\n\n\n<div class=\"wp-block-columns is-layout-flex wp-container-core-columns-is-layout-6 wp-block-columns-is-layout-flex\">\n<div class=\"wp-block-column is-layout-flow wp-block-column-is-layout-flow\" style=\"flex-basis:50%\">\n<p class=\"has-text-align-left text-h3 has-body-white-color has-text-color has-large-font-size\">Vous avez des questions ?\nNotre \u00e9quipe de professionnels est l\u00e0 pour vous aider <\/p>\n\n\n\n<div style=\"height:56px\" aria-hidden=\"true\" class=\"wp-block-spacer\"><\/div>\n\n\n\n<div class=\"wp-block-buttons is-layout-flex wp-block-buttons-is-layout-flex\">\n<div class=\"wp-block-button\"><a class=\"wp-block-button__link has-primary-background-color has-background wp-element-button\" href=\"tel:+34976500108\">APPELEZ-NOUS<\/a><\/div>\n\n\n\n<div class=\"wp-block-button\"><a class=\"wp-block-button__link has-secondary-background-color has-background wp-element-button\" href=\"https:\/\/giconmes.es\/fr\/contact\/\">CONTACTEZ-NOUS<\/a><\/div>\n\n\n\n<div class=\"wp-block-button is-style-outline is-style-outline--1\"><a class=\"wp-block-button__link has-body-white-color has-text-color wp-element-button\" href=\"https:\/\/giconmes.es\/fr\/faq\/\">FAQS<\/a><\/div>\n<\/div>\n<\/div>\n\n\n\n<div class=\"wp-block-column dnone-tablet is-layout-flow wp-block-column-is-layout-flow\" style=\"flex-basis:50%\">\n<p><\/p>\n<\/div>\n<\/div>\n\n\n\n<div style=\"height:124px\" aria-hidden=\"true\" class=\"wp-block-spacer\"><\/div>\n<\/div><\/div>\n\n<div class=\"wp-block-group\"><div class=\"wp-block-group__inner-container is-layout-constrained wp-block-group-is-layout-constrained\">\n<div class=\"wp-block-columns mb-0 is-layout-flex wp-container-core-columns-is-layout-7 wp-block-columns-is-layout-flex\">\n<div class=\"wp-block-column dnone-tablet is-layout-flow wp-block-column-is-layout-flow\" style=\"flex-basis:8.3%\">\n<figure class=\"wp-block-image size-full\"><img loading=\"lazy\" decoding=\"async\" width=\"9\" height=\"304\" src=\"https:\/\/giconmes.es\/wp-content\/uploads\/2023\/02\/LINE-blog.png\" alt=\". Generadores de vapor industrial Giconmes\" class=\"wp-image-298\" title=\"Generadores de vapor industrial Giconmes\"><\/figure>\n<\/div>\n\n\n\n<div class=\"wp-block-column is-layout-flow wp-block-column-is-layout-flow\" style=\"flex-basis:33.33%\">\n<div style=\"height:96px\" aria-hidden=\"true\" class=\"wp-block-spacer\"><\/div>\n\n\n\n<p class=\"text-h2\">Le blog technologique de Giconmes<\/p>\n<\/div>\n\n\n\n<div class=\"wp-block-column is-layout-flow wp-block-column-is-layout-flow\" style=\"flex-basis:58.3%\">\n<div style=\"height:96px\" aria-hidden=\"true\" class=\"wp-block-spacer dnone-mobile\"><\/div>\n\n\n\n<p>Vous y trouverez des articles informatifs sur la <strong>technologie de la vapeur, son application dans l&rsquo;industrie et les diff\u00e9rents types d&rsquo;\u00e9quipements connexes<\/strong>, ainsi que les derni\u00e8res tendances, les installations que nous avons cr\u00e9\u00e9es et les nouveaux d\u00e9veloppements en mati\u00e8re de chaudi\u00e8res ou de g\u00e9n\u00e9rateurs de vapeur pour l&rsquo;ensemble de l&rsquo;industrie.  <\/p>\n\n\n\n<p><a href=\"https:\/\/giconmes.es\/fr\/blog\/\" data-type=\"page\" data-id=\"7\"><strong>ALLER AU BLOG<\/strong><\/a><\/p>\n<\/div>\n<\/div>\n\n\n\n<div class=\"wp-block-query is-layout-flow wp-block-query-is-layout-flow\"><ul class=\"columns-3 wp-block-post-template is-layout-grid wp-container-core-post-template-is-layout-1 wp-block-post-template-is-layout-grid\"><li class=\"wp-block-post post-19937 post type-post status-publish format-standard has-post-thumbnail hentry category-industrie category-non-classifiee\">\n<figure style=\"height:280px;\" class=\"wp-block-post-featured-image\"><a href=\"https:\/\/giconmes.es\/fr\/chaudieres-electriques-a-vapeur-la-technologie-eprouvee-que-lindustrie-a-ignoree-pendant-des-decennies\/\" target=\"_self\"  style=\"height:280px\"><img loading=\"lazy\" decoding=\"async\" width=\"1536\" height=\"1024\" src=\"https:\/\/giconmes.es\/wp-content\/uploads\/2026\/04\/calderas-electricas-vapor-industrial-descarbonizacion.webp\" class=\"attachment-post-thumbnail size-post-thumbnail wp-post-image\" alt=\"Chaudi\u00e8res \u00e9lectriques \u00e0 vapeur : la technologie \u00e9prouv\u00e9e que l&rsquo;industrie a ignor\u00e9e pendant des d\u00e9cennies\" style=\"height:280px;object-fit:cover;\" srcset=\"https:\/\/giconmes.es\/wp-content\/uploads\/2026\/04\/calderas-electricas-vapor-industrial-descarbonizacion.webp 1536w, https:\/\/giconmes.es\/wp-content\/uploads\/2026\/04\/calderas-electricas-vapor-industrial-descarbonizacion-300x200.webp 300w, https:\/\/giconmes.es\/wp-content\/uploads\/2026\/04\/calderas-electricas-vapor-industrial-descarbonizacion-1024x683.webp 1024w, https:\/\/giconmes.es\/wp-content\/uploads\/2026\/04\/calderas-electricas-vapor-industrial-descarbonizacion-768x512.webp 768w\" sizes=\"auto, (max-width: 1536px) 100vw, 1536px\" title=\"Generadores de vapor industrial Giconmes\"><\/a><\/figure>\n\n<div class=\"wp-block-post-date\"><time datetime=\"2026-04-16T11:00:00+01:00\">16 avril 2026<\/time><\/div>\n\n<p class=\"wp-block-post-title\"><a href=\"https:\/\/giconmes.es\/fr\/chaudieres-electriques-a-vapeur-la-technologie-eprouvee-que-lindustrie-a-ignoree-pendant-des-decennies\/\" target=\"_self\" >Chaudi\u00e8res \u00e9lectriques \u00e0 vapeur : la technologie \u00e9prouv\u00e9e que l&rsquo;industrie a ignor\u00e9e pendant des d\u00e9cennies<\/a><\/h4>\n<\/li><li class=\"wp-block-post post-19531 post type-post status-publish format-standard has-post-thumbnail hentry category-industrie category-non-classifiee\">\n<figure style=\"height:280px;\" class=\"wp-block-post-featured-image\"><a href=\"https:\/\/giconmes.es\/fr\/le-role-des-chaudieres-electriques-a-vapeur-dans-la-decarbonisation-et-les-revenus-de-la-chaleur-industrielle\/\" target=\"_self\"  style=\"height:280px\"><img loading=\"lazy\" decoding=\"async\" width=\"1376\" height=\"729\" src=\"https:\/\/giconmes.es\/wp-content\/uploads\/2026\/03\/calderas-vapor-electricas-descarbonizacion-ingresos.webp\" class=\"attachment-post-thumbnail size-post-thumbnail wp-post-image\" alt=\"Le r\u00f4le des chaudi\u00e8res \u00e9lectriques \u00e0 vapeur dans la d\u00e9carbonisation et les revenus de la chaleur industrielle\" style=\"height:280px;object-fit:cover;\" srcset=\"https:\/\/giconmes.es\/wp-content\/uploads\/2026\/03\/calderas-vapor-electricas-descarbonizacion-ingresos.webp 1376w, https:\/\/giconmes.es\/wp-content\/uploads\/2026\/03\/calderas-vapor-electricas-descarbonizacion-ingresos-300x159.webp 300w, https:\/\/giconmes.es\/wp-content\/uploads\/2026\/03\/calderas-vapor-electricas-descarbonizacion-ingresos-1024x543.webp 1024w, https:\/\/giconmes.es\/wp-content\/uploads\/2026\/03\/calderas-vapor-electricas-descarbonizacion-ingresos-768x407.webp 768w\" sizes=\"auto, (max-width: 1376px) 100vw, 1376px\" title=\"Generadores de vapor industrial Giconmes\"><\/a><\/figure>\n\n<div class=\"wp-block-post-date\"><time datetime=\"2026-03-19T12:00:00+01:00\">19 mars 2026<\/time><\/div>\n\n<p class=\"wp-block-post-title\"><a href=\"https:\/\/giconmes.es\/fr\/le-role-des-chaudieres-electriques-a-vapeur-dans-la-decarbonisation-et-les-revenus-de-la-chaleur-industrielle\/\" target=\"_self\" >Le r\u00f4le des chaudi\u00e8res \u00e9lectriques \u00e0 vapeur dans la d\u00e9carbonisation et les revenus de la chaleur industrielle<\/a><\/h4>\n<\/li><li class=\"wp-block-post post-19332 post type-post status-publish format-standard has-post-thumbnail hentry category-chaudieres-et-generateurs-de-vapeur\">\n<figure style=\"height:280px;\" class=\"wp-block-post-featured-image\"><a href=\"https:\/\/giconmes.es\/fr\/pourquoi-de-nombreuses-pieces-natteignent-pas-la-temperature-prevue-erreurs-courantes-dans-le-dimensionnement-thermique-industriel\/\" target=\"_self\"  style=\"height:280px\"><img loading=\"lazy\" decoding=\"async\" width=\"1536\" height=\"1024\" src=\"https:\/\/giconmes.es\/wp-content\/uploads\/2026\/03\/dimensionamiento-termico-industrial-errores-comunes.webp\" class=\"attachment-post-thumbnail size-post-thumbnail wp-post-image\" alt=\"Pourquoi de nombreuses pi\u00e8ces n&rsquo;atteignent pas la temp\u00e9rature pr\u00e9vue : erreurs courantes dans le dimensionnement thermique industriel\" style=\"height:280px;object-fit:cover;\" srcset=\"https:\/\/giconmes.es\/wp-content\/uploads\/2026\/03\/dimensionamiento-termico-industrial-errores-comunes.webp 1536w, https:\/\/giconmes.es\/wp-content\/uploads\/2026\/03\/dimensionamiento-termico-industrial-errores-comunes-300x200.webp 300w, https:\/\/giconmes.es\/wp-content\/uploads\/2026\/03\/dimensionamiento-termico-industrial-errores-comunes-1024x683.webp 1024w, https:\/\/giconmes.es\/wp-content\/uploads\/2026\/03\/dimensionamiento-termico-industrial-errores-comunes-768x512.webp 768w\" sizes=\"auto, (max-width: 1536px) 100vw, 1536px\" title=\"Generadores de vapor industrial Giconmes\"><\/a><\/figure>\n\n<div class=\"wp-block-post-date\"><time datetime=\"2026-03-05T11:00:00+01:00\">5 mars 2026<\/time><\/div>\n\n<p class=\"wp-block-post-title\"><a href=\"https:\/\/giconmes.es\/fr\/pourquoi-de-nombreuses-pieces-natteignent-pas-la-temperature-prevue-erreurs-courantes-dans-le-dimensionnement-thermique-industriel\/\" target=\"_self\" >Pourquoi de nombreuses pi\u00e8ces n&rsquo;atteignent pas la temp\u00e9rature pr\u00e9vue : erreurs courantes dans le dimensionnement thermique industriel<\/a><\/h4>\n<\/li><li class=\"wp-block-post post-19156 post type-post status-publish format-standard has-post-thumbnail hentry category-non-classifiee\">\n<figure style=\"height:280px;\" class=\"wp-block-post-featured-image\"><a href=\"https:\/\/giconmes.es\/fr\/pour-chauffer-les-reacteurs-a-70-c-une-chaudiere-electrique-a-vapeur-ou-une-chaudiere-a-eau-chaude-est-elle-plus-efficace\/\" target=\"_self\"  style=\"height:280px\"><img loading=\"lazy\" decoding=\"async\" width=\"1536\" height=\"1024\" src=\"https:\/\/giconmes.es\/wp-content\/uploads\/2026\/02\/calentar-reactor-70-grados-caldera-de-vapor.webp\" class=\"attachment-post-thumbnail size-post-thumbnail wp-post-image\" alt=\"Pour chauffer les r\u00e9acteurs \u00e0 70 \u00b0C, une chaudi\u00e8re \u00e9lectrique \u00e0 vapeur ou une chaudi\u00e8re \u00e0 eau chaude est-elle plus efficace ?\" style=\"height:280px;object-fit:cover;\" srcset=\"https:\/\/giconmes.es\/wp-content\/uploads\/2026\/02\/calentar-reactor-70-grados-caldera-de-vapor.webp 1536w, https:\/\/giconmes.es\/wp-content\/uploads\/2026\/02\/calentar-reactor-70-grados-caldera-de-vapor-300x200.webp 300w, https:\/\/giconmes.es\/wp-content\/uploads\/2026\/02\/calentar-reactor-70-grados-caldera-de-vapor-1024x683.webp 1024w, https:\/\/giconmes.es\/wp-content\/uploads\/2026\/02\/calentar-reactor-70-grados-caldera-de-vapor-768x512.webp 768w\" sizes=\"auto, (max-width: 1536px) 100vw, 1536px\" title=\"Generadores de vapor industrial Giconmes\"><\/a><\/figure>\n\n<div class=\"wp-block-post-date\"><time datetime=\"2026-02-19T11:00:00+01:00\">19 f\u00e9vrier 2026<\/time><\/div>\n\n<p class=\"wp-block-post-title\"><a href=\"https:\/\/giconmes.es\/fr\/pour-chauffer-les-reacteurs-a-70-c-une-chaudiere-electrique-a-vapeur-ou-une-chaudiere-a-eau-chaude-est-elle-plus-efficace\/\" target=\"_self\" >Pour chauffer les r\u00e9acteurs \u00e0 70 \u00b0C, une chaudi\u00e8re \u00e9lectrique \u00e0 vapeur ou une chaudi\u00e8re \u00e0 eau chaude est-elle plus efficace ?<\/a><\/h4>\n<\/li><li class=\"wp-block-post post-19150 post type-post status-publish format-standard has-post-thumbnail hentry category-chaudieres-et-generateurs-de-vapeur\">\n<figure style=\"height:280px;\" class=\"wp-block-post-featured-image\"><a href=\"https:\/\/giconmes.es\/fr\/7-methodes-industrielles-pour-produire-de-leau-chaude-avec-de-la-vapeur\/\" target=\"_self\"  style=\"height:280px\"><img loading=\"lazy\" decoding=\"async\" width=\"1280\" height=\"853\" src=\"https:\/\/giconmes.es\/wp-content\/uploads\/2026\/02\/metodos-industriales-generacion-agua-caliente-vapor.webp\" class=\"attachment-post-thumbnail size-post-thumbnail wp-post-image\" alt=\"7 m\u00e9thodes industrielles pour produire de l&rsquo;eau chaude avec de la vapeur\" style=\"height:280px;object-fit:cover;\" srcset=\"https:\/\/giconmes.es\/wp-content\/uploads\/2026\/02\/metodos-industriales-generacion-agua-caliente-vapor.webp 1280w, https:\/\/giconmes.es\/wp-content\/uploads\/2026\/02\/metodos-industriales-generacion-agua-caliente-vapor-300x200.webp 300w, https:\/\/giconmes.es\/wp-content\/uploads\/2026\/02\/metodos-industriales-generacion-agua-caliente-vapor-1024x682.webp 1024w, https:\/\/giconmes.es\/wp-content\/uploads\/2026\/02\/metodos-industriales-generacion-agua-caliente-vapor-768x512.webp 768w\" sizes=\"auto, (max-width: 1280px) 100vw, 1280px\" title=\"Generadores de vapor industrial Giconmes\"><\/a><\/figure>\n\n<div class=\"wp-block-post-date\"><time datetime=\"2026-02-12T11:00:00+01:00\">12 f\u00e9vrier 2026<\/time><\/div>\n\n<p class=\"wp-block-post-title\"><a href=\"https:\/\/giconmes.es\/fr\/7-methodes-industrielles-pour-produire-de-leau-chaude-avec-de-la-vapeur\/\" target=\"_self\" >7 m\u00e9thodes industrielles pour produire de l&rsquo;eau chaude avec de la vapeur<\/a><\/h4>\n<\/li><li class=\"wp-block-post post-19043 post type-post status-publish format-standard has-post-thumbnail hentry category-industrie category-non-classifiee\">\n<figure style=\"height:280px;\" class=\"wp-block-post-featured-image\"><a href=\"https:\/\/giconmes.es\/fr\/giconmes-a-fima-agriculture-2026-vapeur-et-automatisation-pour-une-agriculture-plus-durable\/\" target=\"_self\"  style=\"height:280px\"><img loading=\"lazy\" decoding=\"async\" width=\"1536\" height=\"1024\" src=\"https:\/\/giconmes.es\/wp-content\/uploads\/2026\/02\/giconmes-fima-agricola-2026.webp\" class=\"attachment-post-thumbnail size-post-thumbnail wp-post-image\" alt=\"GICONMES \u00e0 FIMA Agriculture 2026 : vapeur et automatisation pour une agriculture plus durable\" style=\"height:280px;object-fit:cover;\" srcset=\"https:\/\/giconmes.es\/wp-content\/uploads\/2026\/02\/giconmes-fima-agricola-2026.webp 1536w, https:\/\/giconmes.es\/wp-content\/uploads\/2026\/02\/giconmes-fima-agricola-2026-300x200.webp 300w, https:\/\/giconmes.es\/wp-content\/uploads\/2026\/02\/giconmes-fima-agricola-2026-1024x683.webp 1024w, https:\/\/giconmes.es\/wp-content\/uploads\/2026\/02\/giconmes-fima-agricola-2026-768x512.webp 768w\" sizes=\"auto, (max-width: 1536px) 100vw, 1536px\" title=\"Generadores de vapor industrial Giconmes\"><\/a><\/figure>\n\n<div class=\"wp-block-post-date\"><time datetime=\"2026-02-05T11:00:00+01:00\">5 f\u00e9vrier 2026<\/time><\/div>\n\n<p class=\"wp-block-post-title\"><a href=\"https:\/\/giconmes.es\/fr\/giconmes-a-fima-agriculture-2026-vapeur-et-automatisation-pour-une-agriculture-plus-durable\/\" target=\"_self\" >GICONMES \u00e0 FIMA Agriculture 2026 : vapeur et automatisation pour une agriculture plus durable<\/a><\/h4>\n<\/li><\/ul><\/div>\n\n\n\n<div style=\"height:112px\" aria-hidden=\"true\" class=\"wp-block-spacer\"><\/div>\n<\/div><\/div>\n","protected":false},"excerpt":{"rendered":"<p>UN ENTRETIEN R\u00c9GULIER ET FACILE Fiabilit\u00e9 maximale de tous les composants fournis L&rsquo;entretien est la cl\u00e9 pour prolonger la dur\u00e9e de vie des g\u00e9n\u00e9rateurs de vapeur. Les g\u00e9n\u00e9rateurs de vapeur Giconmes n\u00e9cessitent peu d&rsquo;entretien et sont faciles \u00e0 entretenir. Cependant, un entretien r\u00e9gulier est important car il garantit la fiabilit\u00e9 op\u00e9rationnelle et la s\u00e9curit\u00e9 contre [&hellip;]<\/p>\n","protected":false},"author":4,"featured_media":0,"parent":0,"menu_order":0,"comment_status":"closed","ping_status":"closed","template":"","meta":{"_acf_changed":false,"footnotes":""},"class_list":["post-9451","page","type-page","status-publish","hentry"],"acf":[],"_links":{"self":[{"href":"https:\/\/giconmes.es\/fr\/wp-json\/wp\/v2\/pages\/9451","targetHints":{"allow":["GET"]}}],"collection":[{"href":"https:\/\/giconmes.es\/fr\/wp-json\/wp\/v2\/pages"}],"about":[{"href":"https:\/\/giconmes.es\/fr\/wp-json\/wp\/v2\/types\/page"}],"author":[{"embeddable":true,"href":"https:\/\/giconmes.es\/fr\/wp-json\/wp\/v2\/users\/4"}],"replies":[{"embeddable":true,"href":"https:\/\/giconmes.es\/fr\/wp-json\/wp\/v2\/comments?post=9451"}],"version-history":[{"count":2,"href":"https:\/\/giconmes.es\/fr\/wp-json\/wp\/v2\/pages\/9451\/revisions"}],"predecessor-version":[{"id":9453,"href":"https:\/\/giconmes.es\/fr\/wp-json\/wp\/v2\/pages\/9451\/revisions\/9453"}],"wp:attachment":[{"href":"https:\/\/giconmes.es\/fr\/wp-json\/wp\/v2\/media?parent=9451"}],"curies":[{"name":"wp","href":"https:\/\/api.w.org\/{rel}","templated":true}]}}