{"id":8147,"date":"2023-02-01T14:47:06","date_gmt":"2023-02-01T14:47:06","guid":{"rendered":"https:\/\/giconmes.es\/contact\/"},"modified":"2024-07-18T16:40:34","modified_gmt":"2024-07-18T16:40:34","slug":"contact","status":"publish","type":"page","link":"https:\/\/giconmes.es\/fr\/contact\/","title":{"rendered":"Contact"},"content":{"rendered":"\n<div style=\"height:112px\" aria-hidden=\"true\" class=\"wp-block-spacer\"><\/div>\n\n<div class=\"wp-block-columns is-layout-flex wp-container-core-columns-is-layout-1 wp-block-columns-is-layout-flex\">\n<div class=\"wp-block-column has-primary-20-background-color has-background is-layout-flow wp-block-column-is-layout-flow\">\n<p class=\"text-h5\"><strong>Contact avec Giconmes<\/strong><\/p>\n\n\n\n<p>Contactez-nous pour obtenir des informations sur l&rsquo;un ou l&rsquo;autre de nos produits ou pour r\u00e9soudre vos doutes.<\/p>\n\n\n\n<p><strong>Nous sommes en :<\/strong><\/p>\n\n\n\n<p>Pol. Ind. La Cartuja Baja, 3.<br\/>50720 Saragosse, Espagne.<\/p>\n\n\n\n<p><strong>Courriel :<\/strong><\/p>\n\n\n\n<p><a href=\"mailto:giconmesiberica@orbitalempresas.es\">giconmesiberica@orbitalempresas.es<\/a><\/p>\n\n\n\n<p><strong>T\u00e9l\u00e9phone :<\/strong><\/p>\n\n\n\n<p><a href=\"tel:+34976500108\">+34 976 50 01 08<\/a><\/p>\n<\/div>\n<\/div>\n\n<div class=\"wp-block-columns d-none is-layout-flex wp-container-core-columns-is-layout-2 wp-block-columns-is-layout-flex\">\n<div class=\"wp-block-column has-secondary-20-background-color has-background is-layout-flow wp-block-column-is-layout-flow\">\n<p class=\"text-h5\"><strong>Contact avec Giconmes<\/strong><\/p>\n\n\n\n<p>Contactez-nous pour obtenir des informations sur l&rsquo;un ou l&rsquo;autre de nos produits ou pour r\u00e9soudre vos doutes.<\/p>\n\n\n\n<p><strong>Nous sommes en :<\/strong><\/p>\n\n\n\n<p>Pol. Ind. La Cartuja Baja, 3.<br\/>50720 Saragosse, Espagne.<\/p>\n\n\n\n<p><strong>Courriel :<\/strong><\/p>\n\n\n\n<p><a href=\"mailto:giconmesiberica@orbitalempresas.es\">giconmesiberica@orbitalempresas.es<\/a><\/p>\n\n\n\n<p><strong>T\u00e9l\u00e9phone :<\/strong><\/p>\n\n\n\n<p><a href=\"tel:+34976500108\">+34 976 50 01 08<\/a><\/p>\n<\/div>\n\n\n\n<div class=\"wp-block-column has-primary-20-background-color has-background is-layout-flow wp-block-column-is-layout-flow\">\n<p class=\"text-h5\"><strong>Parlez \u00e0 un expert<\/strong><\/p>\n\n\n\n<p>Si vous le souhaitez, vous pouvez contacter notre \u00e9quipe de vente pour obtenir des conseils personnalis\u00e9s et une aide dans le choix de la meilleure option en mati\u00e8re de vapeur industrielle.<\/p>\n\n\n\n<p><strong>Courriel :<\/strong><\/p>\n\n\n\n<p><a href=\"mailto:giconmesiberica@orbitalempresas.es\">giconmesiberica@orbitalempresas.es<\/a><\/p>\n\n\n\n<p><strong>T\u00e9l\u00e9phone :<\/strong><\/p>\n\n\n\n<p><a href=\"tel:+34976500108\">+34 976 50 01 08<\/a><\/p>\n\n\n\n<div style=\"height:24px\" aria-hidden=\"true\" class=\"wp-block-spacer\"><\/div>\n\n\n\n<div class=\"wp-block-buttons is-layout-flex wp-block-buttons-is-layout-flex\">\n<div class=\"wp-block-button\"><a class=\"wp-block-button__link has-secondary-80-background-color has-background wp-element-button\">Chat ouvert<\/a><\/div>\n<\/div>\n<\/div>\n<\/div>\n\n<div style=\"height:96px\" aria-hidden=\"true\" class=\"wp-block-spacer\"><\/div>\n\n<div class=\"wp-block-group alignfull mb-0 has-gradient-left-gradient-background has-background\"><div class=\"wp-block-group__inner-container is-layout-constrained wp-block-group-is-layout-constrained\">\n<div class=\"wp-block-columns is-layout-flex wp-container-core-columns-is-layout-3 wp-block-columns-is-layout-flex\">\n<div class=\"wp-block-column is-layout-flow wp-block-column-is-layout-flow\">\n<div style=\"height:56px\" aria-hidden=\"true\" class=\"wp-block-spacer\"><\/div>\n<\/div>\n<\/div>\n\n\n\n<div class=\"wp-block-columns mb-0 is-layout-flex wp-container-core-columns-is-layout-4 wp-block-columns-is-layout-flex\">\n<div class=\"wp-block-column is-layout-flow wp-block-column-is-layout-flow\">\n<p class=\"text-h5\"><strong>Envoyez-nous un message<\/strong><\/p>\n\n\n\n<p><strong>Et recevez une r\u00e9ponse dans les plus brefs d\u00e9lais.<\/strong><\/p>\n\n\n\n<div class=\"wp-block-contact-form-7-contact-form-selector\">\n<div class=\"wpcf7 no-js\" id=\"wpcf7-f10369-o1\" lang=\"fr-FR\" dir=\"ltr\" data-wpcf7-id=\"10369\">\n<div class=\"screen-reader-response\"><p role=\"status\" aria-live=\"polite\" aria-atomic=\"true\"><\/p> <ul><\/ul><\/div>\n<form action=\"\/fr\/wp-json\/wp\/v2\/pages\/8147#wpcf7-f10369-o1\" method=\"post\" class=\"wpcf7-form init\" aria-label=\"Formulaire de contact\" novalidate=\"novalidate\" data-status=\"init\">\n<fieldset class=\"hidden-fields-container\"><input type=\"hidden\" name=\"_wpcf7\" value=\"10369\" \/><input type=\"hidden\" name=\"_wpcf7_version\" value=\"6.1.5\" \/><input type=\"hidden\" name=\"_wpcf7_locale\" value=\"fr_FR\" \/><input type=\"hidden\" name=\"_wpcf7_unit_tag\" value=\"wpcf7-f10369-o1\" \/><input type=\"hidden\" name=\"_wpcf7_container_post\" value=\"0\" \/><input type=\"hidden\" name=\"_wpcf7_posted_data_hash\" value=\"\" \/><input type=\"hidden\" name=\"_wpcf7_recaptcha_response\" value=\"\" \/>\n<\/fieldset>\n<p><label> Nom <span class=\"wpcf7-form-control-wrap\" data-name=\"your-name\"><input size=\"40\" maxlength=\"400\" class=\"wpcf7-form-control wpcf7-text wpcf7-validates-as-required\" autocomplete=\"name\" aria-required=\"true\" aria-invalid=\"false\" value=\"\" type=\"text\" name=\"your-name\" \/><\/span> <\/label>\n<\/p>\n<p><label> Courriel <span class=\"wpcf7-form-control-wrap\" data-name=\"your-email\"><input size=\"40\" maxlength=\"400\" class=\"wpcf7-form-control wpcf7-email wpcf7-validates-as-required wpcf7-text wpcf7-validates-as-email\" autocomplete=\"email\" aria-required=\"true\" aria-invalid=\"false\" value=\"\" type=\"email\" name=\"your-email\" \/><\/span> <\/label>\n<\/p>\n<p><label> Message (facultatif) <span class=\"wpcf7-form-control-wrap\" data-name=\"your-message\"><textarea cols=\"40\" rows=\"4\" maxlength=\"2000\" class=\"wpcf7-form-control wpcf7-textarea\" aria-invalid=\"false\" name=\"your-message\"><\/textarea><\/span> <\/label>\n<\/p>\n<p><span class=\"wpcf7-form-control-wrap\" data-name=\"acceptance-320\"><span class=\"wpcf7-form-control wpcf7-acceptance\"><span class=\"wpcf7-list-item\"><label><input type=\"checkbox\" name=\"acceptance-320\" value=\"1\" aria-invalid=\"false\" \/><span class=\"wpcf7-list-item-label\">J'ai lu et j'accepte la <a href=\"\">politique de confidentialit\u00e9<\/a><\/span><\/label><\/span><\/span><\/span>\n<\/p>\n<p><input class=\"wpcf7-form-control wpcf7-submit has-spinner\" type=\"submit\" value=\"Envoyer\" \/>\n<\/p><p style=\"display: none !important;\" class=\"akismet-fields-container\" data-prefix=\"_wpcf7_ak_\"><label>&#916;<textarea name=\"_wpcf7_ak_hp_textarea\" cols=\"45\" rows=\"8\" maxlength=\"100\"><\/textarea><\/label><input type=\"hidden\" id=\"ak_js_1\" name=\"_wpcf7_ak_js\" value=\"249\"\/><script>\ndocument.getElementById( \"ak_js_1\" ).setAttribute( \"value\", ( new Date() ).getTime() );\n<\/script>\n<\/p><div class=\"wpcf7-response-output\" aria-hidden=\"true\"><\/div>\n<\/form>\n<\/div>\n<\/div>\n\n\n\n<div style=\"height:56px\" aria-hidden=\"true\" class=\"wp-block-spacer\"><\/div>\n<\/div>\n\n\n\n<div class=\"wp-block-column dnone-tablet is-layout-flow wp-block-column-is-layout-flow\" style=\"flex-basis:33%\"><\/div>\n<\/div>\n<\/div><\/div>\n\n<div class=\"wp-block-group alignfull has-bg-20-background-color has-background\"><div class=\"wp-block-group__inner-container is-layout-constrained wp-block-group-is-layout-constrained\">\n<p class=\"has-text-align-center text-h2\"><strong>O\u00f9 nous trouver ?<\/strong><\/p>\n\n\n\n<div style=\"height:56px\" aria-hidden=\"true\" class=\"wp-block-spacer\"><\/div>\n\n\n\n<iframe src=\"https:\/\/www.google.com\/maps\/embed?pb=!1m14!1m8!1m3!1d2983.5090786808105!2d-0.82644!3d41.601502!3m2!1i1024!2i768!4f13.1!3m3!1m2!1s0xd5916011ae56595%3A0x55cb6c43fc40e1cb!2sPol.%20Ind.%20la%20Cartuja%20Baja%2C%203%2C%2050720%20Zaragoza%2C%20Espa%C3%B1a!5e0!3m2!1ses!2sus!4v1677668439634!5m2!1ses!2sus\" width=\"110%\" height=\"450\" style=\"border:0;\" allowfullscreen=\"\" loading=\"lazy\" referrerpolicy=\"no-referrer-when-downgrade\"><\/iframe>\n<\/div><\/div>\n","protected":false},"excerpt":{"rendered":"<p>Contactez-nous pour obtenir des informations sur l&rsquo;un ou l&rsquo;autre de nos produits ou pour r\u00e9soudre vos doutes.<br \/>\n<a href=\"mailto:%20giconmesiberica@orbitalempresas.es\">giconmesiberica@orbitalempresas.es<\/a><\/p>\n","protected":false},"author":4,"featured_media":0,"parent":0,"menu_order":0,"comment_status":"closed","ping_status":"closed","template":"","meta":{"_acf_changed":false,"footnotes":""},"class_list":["post-8147","page","type-page","status-publish","hentry"],"acf":[],"_links":{"self":[{"href":"https:\/\/giconmes.es\/fr\/wp-json\/wp\/v2\/pages\/8147","targetHints":{"allow":["GET"]}}],"collection":[{"href":"https:\/\/giconmes.es\/fr\/wp-json\/wp\/v2\/pages"}],"about":[{"href":"https:\/\/giconmes.es\/fr\/wp-json\/wp\/v2\/types\/page"}],"author":[{"embeddable":true,"href":"https:\/\/giconmes.es\/fr\/wp-json\/wp\/v2\/users\/4"}],"replies":[{"embeddable":true,"href":"https:\/\/giconmes.es\/fr\/wp-json\/wp\/v2\/comments?post=8147"}],"version-history":[{"count":1,"href":"https:\/\/giconmes.es\/fr\/wp-json\/wp\/v2\/pages\/8147\/revisions"}],"predecessor-version":[{"id":8148,"href":"https:\/\/giconmes.es\/fr\/wp-json\/wp\/v2\/pages\/8147\/revisions\/8148"}],"wp:attachment":[{"href":"https:\/\/giconmes.es\/fr\/wp-json\/wp\/v2\/media?parent=8147"}],"curies":[{"name":"wp","href":"https:\/\/api.w.org\/{rel}","templated":true}]}}