{"id":10362,"date":"2023-01-18T08:50:02","date_gmt":"2023-01-18T08:50:02","guid":{"rendered":"https:\/\/giconmes.es\/politique-de-confidentialite\/"},"modified":"2024-09-17T10:51:04","modified_gmt":"2024-09-17T10:51:04","slug":"politique-de-confidentialite","status":"publish","type":"page","link":"https:\/\/giconmes.es\/fr\/politique-de-confidentialite\/","title":{"rendered":"Politique de confidentialit\u00e9"},"content":{"rendered":"\n<p>L&rsquo;adresse de notre site web est la suivante : http:\/\/giconmes.es<\/p>\n\n<p>En vertu de la r\u00e9glementation applicable en mati\u00e8re de protection des donn\u00e9es \u00e0 caract\u00e8re personnel, nous vous informons qu&rsquo;en naviguant sur le site www.giconmes.es, il est n\u00e9cessaire de fournir certaines donn\u00e9es \u00e0 caract\u00e8re personnel qui feront l&rsquo;objet d&rsquo;un traitement automatis\u00e9 et seront incorpor\u00e9es aux fichiers automatis\u00e9s correspondants, pr\u00e9alablement enregistr\u00e9s ou inscrits aupr\u00e8s de l&rsquo;autorit\u00e9 comp\u00e9tente, dont GICONMES IBERICA, SLU.\nest ou sera le propri\u00e9taire et le responsable.\nLes r\u00e9ponses aux questions sur les donn\u00e9es personnelles marqu\u00e9es d&rsquo;un ast\u00e9risque (*) sont obligatoires et l&rsquo;absence de r\u00e9ponse entra\u00eenera l&rsquo;impossibilit\u00e9 de continuer.  <\/p>\n\n<p>La finalit\u00e9 de la collecte et du traitement automatis\u00e9 des donn\u00e9es personnelles est le maintien de la relation contractuelle \u00e9tablie avec GICONMES IBERICA, SLU. La finalit\u00e9 de la collecte et du traitement automatis\u00e9 des donn\u00e9es personnelles est le maintien de la relation contractuelle \u00e9tablie avec GICONMES IBERICA, SLU -gestion, administration, am\u00e9lioration et adaptation aux pr\u00e9f\u00e9rences et go\u00fbts en mati\u00e8re de produits et services-, ainsi que l&rsquo;envoi, par des moyens traditionnels et\/ou \u00e9lectroniques, d&rsquo;informations administratives, techniques, organisationnelles et\/ou commerciales sur les produits et services offerts ou pouvant \u00eatre offerts par toute marque appartenant \u00e0 GICONMES IBERICA, SLU, Le titulaire des donn\u00e9es consent express\u00e9ment \u00e0 la cession ou \u00e0 la communication \u00e0 l&rsquo;entreprise GICONMES IBERICA, SLU des donn\u00e9es incluses dans le fichier susmentionn\u00e9. Le titulaire des donn\u00e9es aura \u00e0 tout moment le droit d&rsquo;acc\u00e9der au fichier, pouvant exercer les droits de rectification, d&rsquo;annulation et d&rsquo;opposition dans les termes pr\u00e9vus par la l\u00e9gislation sur la protection des donn\u00e9es, conform\u00e9ment \u00e0 la LOPD 15\/1999 du 13 d\u00e9cembre. De m\u00eame, le consentement de l&rsquo;utilisateur au traitement et \u00e0 la cession de ses donn\u00e9es personnelles peut \u00eatre r\u00e9voqu\u00e9 \u00e0 tout moment. Pour ce faire, il suffit d&rsquo;adresser une demande \u00e9crite et sign\u00e9e \u00e0 GICONMES IBERICA, SLU. Pol. Ind. \u00ab\u00a0La Cartuja\u00a0\u00bb ; n\u00ba350.720 La Cartuja Baja &#8211; Zaragoza (Espagne) ou par courrier \u00e9lectronique \u00e0 giconmesiberica@orbitalempresas.es.<\/p>\n\n<h2 class=\"wp-block-heading\">Quelles sont les donn\u00e9es personnelles que nous recueillons et pourquoi nous les recueillons ?<\/h2>\n\n<h3 class=\"wp-block-heading\">Formulaires de contact<\/h3>\n\n<p>Lorsque les visiteurs soumettent un formulaire de contact sur le site web, nous collectons les donn\u00e9es affich\u00e9es sur le formulaire, ainsi que l&rsquo;adresse IP du visiteur et la cha\u00eene de l&rsquo;agent utilisateur du navigateur afin de faciliter la d\u00e9tection des spams.<\/p>\n\n<h3 class=\"wp-block-heading\">Cookies<\/h3>\n\n<p>Si vous avez un compte et que vous vous connectez \u00e0 ce site, nous installerons un cookie temporaire pour d\u00e9terminer si votre navigateur accepte les cookies.\nCe cookie ne contient aucune donn\u00e9e personnelle et est supprim\u00e9 lorsque vous fermez votre navigateur. <\/p>\n\n<p>Lorsque vous vous connectez, nous installons \u00e9galement un certain nombre de cookies pour stocker vos informations de connexion et les options d&rsquo;affichage de l&rsquo;\u00e9cran.\nLes cookies de connexion ont une dur\u00e9e de vie de deux jours et les cookies d&rsquo;options d&rsquo;affichage ont une dur\u00e9e de vie d&rsquo;un an.\nSi vous s\u00e9lectionnez \u00ab\u00a0Se souvenir de moi\u00a0\u00bb, votre connexion durera deux semaines.\nSi vous vous d\u00e9connectez de votre compte, vos cookies de connexion seront supprim\u00e9s.   <\/p>\n\n<p>Si vous modifiez ou publiez un article, un cookie suppl\u00e9mentaire sera enregistr\u00e9 dans votre navigateur.\nCe cookie ne contient aucune donn\u00e9e personnelle et indique simplement l&rsquo;identifiant de l&rsquo;article que vous venez de modifier.\nIl expire au bout d&rsquo;un jour.  <\/p>\n\n<p>Nous utilisons le syst\u00e8me d&rsquo;analyse web de Google, qui installe des cookies pour obtenir des statistiques sur la navigation des utilisateurs.\nConsultez les cookies qui peuvent \u00eatre install\u00e9s <a href=\"https:\/\/developers.google.com\/analytics\/devguides\/collection\/analyticsjs\/cookie-usage?hl=es-419\" target=\"_blank\" rel=\"noreferrer noopener\">ici<\/a>. <\/p>\n\n<h3 class=\"wp-block-heading\">Contenu int\u00e9gr\u00e9 d&rsquo;autres sites web<\/h3>\n\n<p>Les articles de ce site peuvent contenir du contenu int\u00e9gr\u00e9 (par exemple des vid\u00e9os, des images, des articles, etc.).\nLe contenu int\u00e9gr\u00e9 provenant d&rsquo;autres sites web se comporte exactement de la m\u00eame mani\u00e8re que si le visiteur avait visit\u00e9 l&rsquo;autre site web. <\/p>\n\n<p>Ces sites web peuvent collecter des donn\u00e9es vous concernant, utiliser des cookies, int\u00e9grer un suivi suppl\u00e9mentaire par des tiers et surveiller votre interaction avec ce contenu int\u00e9gr\u00e9, y compris votre interaction avec le contenu int\u00e9gr\u00e9 si vous avez un compte et que vous \u00eates connect\u00e9 \u00e0 ce site web.<\/p>\n\n<h2 class=\"wp-block-heading\">Avec qui nous partageons vos donn\u00e9es<\/h2>\n\n<p>Pour l&rsquo;analyse du web, nous partageons avec Google des donn\u00e9es anonymes telles que votre adresse IP.\nConsultez la <a href=\"https:\/\/policies.google.com\/privacy?hl=es\" target=\"_blank\" rel=\"noreferrer noopener\">politique de confidentialit\u00e9 de Google<\/a> ici. <\/p>\n\n<h2 class=\"wp-block-heading\">Dur\u00e9e de conservation de vos donn\u00e9es<\/h2>\n\n<p>Pour les utilisateurs qui s&rsquo;inscrivent sur notre site web (le cas \u00e9ch\u00e9ant), nous stockons \u00e9galement les informations personnelles qu&rsquo;ils fournissent dans leur profil d&rsquo;utilisateur.\nTous les utilisateurs peuvent consulter, modifier ou supprimer leurs informations personnelles \u00e0 tout moment (sauf qu&rsquo;ils ne peuvent pas changer leur nom d&rsquo;utilisateur).\nLes administrateurs du site peuvent \u00e9galement consulter et modifier ces informations.  <\/p>\n\n<p>Les donn\u00e9es fournies par le biais des formulaires sont conserv\u00e9es ind\u00e9finiment afin de pouvoir r\u00e9pondre aux questions pos\u00e9es dans ces messages.<\/p>\n\n<h2 class=\"wp-block-heading\">Quels sont vos droits sur vos donn\u00e9es ?<\/h2>\n\n<p>Si vous avez un compte ou si vous avez laiss\u00e9 des commentaires sur ce site web, vous pouvez demander \u00e0 recevoir un fichier d&rsquo;exportation des donn\u00e9es personnelles que nous d\u00e9tenons \u00e0 votre sujet, y compris toutes les donn\u00e9es que vous nous avez fournies.\nVous pouvez \u00e9galement nous demander de supprimer toutes les donn\u00e9es \u00e0 caract\u00e8re personnel que nous d\u00e9tenons \u00e0 votre sujet.\nCela n&rsquo;inclut pas les donn\u00e9es que nous sommes tenus de conserver \u00e0 des fins administratives, juridiques ou de s\u00e9curit\u00e9.  <\/p>\n\n<h2 class=\"wp-block-heading\">O\u00f9 nous envoyons vos donn\u00e9es<\/h2>\n\n<p>Des donn\u00e9es anonymes telles que votre adresse IP peuvent \u00eatre envoy\u00e9es \u00e0 Google \u00e0 des fins de collecte de donn\u00e9es statistiques.<\/p>\n\n<h2 class=\"wp-block-heading\">Informations sur le contact<\/h2>\n\n<p>giconmesiberica@orbitalempresas.es<\/p>\n","protected":false},"excerpt":{"rendered":"<p>L&rsquo;adresse de notre site web est la suivante : http:\/\/giconmes.es En vertu de la r\u00e9glementation applicable en mati\u00e8re de protection des donn\u00e9es \u00e0 caract\u00e8re personnel, nous vous informons qu&rsquo;en naviguant sur le site www.giconmes.es, il est n\u00e9cessaire de fournir certaines donn\u00e9es \u00e0 caract\u00e8re personnel qui feront l&rsquo;objet d&rsquo;un traitement automatis\u00e9 et seront incorpor\u00e9es aux fichiers [&hellip;]<\/p>\n","protected":false},"author":4,"featured_media":0,"parent":0,"menu_order":0,"comment_status":"closed","ping_status":"closed","template":"","meta":{"_acf_changed":false,"footnotes":""},"class_list":["post-10362","page","type-page","status-publish","hentry"],"acf":[],"_links":{"self":[{"href":"https:\/\/giconmes.es\/fr\/wp-json\/wp\/v2\/pages\/10362","targetHints":{"allow":["GET"]}}],"collection":[{"href":"https:\/\/giconmes.es\/fr\/wp-json\/wp\/v2\/pages"}],"about":[{"href":"https:\/\/giconmes.es\/fr\/wp-json\/wp\/v2\/types\/page"}],"author":[{"embeddable":true,"href":"https:\/\/giconmes.es\/fr\/wp-json\/wp\/v2\/users\/4"}],"replies":[{"embeddable":true,"href":"https:\/\/giconmes.es\/fr\/wp-json\/wp\/v2\/comments?post=10362"}],"version-history":[{"count":2,"href":"https:\/\/giconmes.es\/fr\/wp-json\/wp\/v2\/pages\/10362\/revisions"}],"predecessor-version":[{"id":10367,"href":"https:\/\/giconmes.es\/fr\/wp-json\/wp\/v2\/pages\/10362\/revisions\/10367"}],"wp:attachment":[{"href":"https:\/\/giconmes.es\/fr\/wp-json\/wp\/v2\/media?parent=10362"}],"curies":[{"name":"wp","href":"https:\/\/api.w.org\/{rel}","templated":true}]}}