{"id":10354,"date":"2023-01-23T08:38:39","date_gmt":"2023-01-23T08:38:39","guid":{"rendered":"https:\/\/giconmes.es\/politique-en-matiere-de-cookies\/"},"modified":"2024-09-17T10:51:04","modified_gmt":"2024-09-17T10:51:04","slug":"politique-en-matiere-de-cookies","status":"publish","type":"page","link":"https:\/\/giconmes.es\/fr\/politique-en-matiere-de-cookies\/","title":{"rendered":"Politique en mati\u00e8re de cookies"},"content":{"rendered":"\n<p><strong>QU&rsquo;EST-CE QU&rsquo;UN COOKIE ?<\/strong><\/p>\n\n<p>Les cookies sont de petits fichiers d&rsquo;information qui sont envoy\u00e9s et stock\u00e9s dans l&rsquo;\u00e9quipement \u00e0 partir duquel vous acc\u00e9dez au Web giconmes.es (PC ou ordinateur personnel, t\u00e9l\u00e9phone portable, tablette ou t\u00e9l\u00e9vision connect\u00e9e) facilitant l&rsquo;utilisation de la m\u00eame, pour offrir un meilleur service.<\/p>\n\n<p>Le site Web giconmes.es utilise des cookies propres et de tiers qui nous aident \u00e0 am\u00e9liorer la qualit\u00e9 en nous permettant de comparer, de m\u00e9moriser, de contr\u00f4ler et de comprendre la fa\u00e7on dont nos utilisateurs naviguent sur le Web, en identifiant ce qu&rsquo;ils trouvent utile et ce qu&rsquo;ils ne trouvent pas et en nous permettant d&rsquo;am\u00e9liorer le processus de navigation.<\/p>\n\n<p>Les cookies utilis\u00e9s par le site web n&rsquo;endommagent pas votre ordinateur.\nIls servent uniquement \u00e0 am\u00e9liorer les services propos\u00e9s.\nCertains sont strictement n\u00e9cessaires au bon fonctionnement du site (technique et personnalisation) et d&rsquo;autres sont utilis\u00e9s pour am\u00e9liorer les performances et l&rsquo;exp\u00e9rience des utilisateurs (analyse, publicit\u00e9 et publicit\u00e9 comportementale).  <\/p>\n\n<p>Le site web utilise \u00e0 la fois des cookies de session, des cookies temporaires et des cookies permanents.\nLes cookies de session stockent des donn\u00e9es pendant que l&rsquo;utilisateur acc\u00e8de au site web et expirent lorsque le navigateur est ferm\u00e9 ; les cookies permanents, quant \u00e0 eux, stockent des donn\u00e9es dans le terminal de mani\u00e8re \u00e0 pouvoir y acc\u00e9der et les utiliser au cours de plusieurs sessions, mais ils expirent g\u00e9n\u00e9ralement apr\u00e8s une p\u00e9riode pouvant aller de deux mois \u00e0 deux ans. <\/p>\n\n<p><strong>D\u00c9SACTIVATION DES COOKIES.<\/strong><\/p>\n\n<p>Vous avez la possibilit\u00e9 d&rsquo;autoriser, de bloquer ou de supprimer les cookies install\u00e9s sur votre ordinateur en configurant les options du navigateur install\u00e9 sur votre ordinateur.\nEn d\u00e9sactivant les cookies, il se peut que certains des services disponibles ne soient plus op\u00e9rationnels.\nLa mani\u00e8re de d\u00e9sactiver les cookies est diff\u00e9rente pour chaque navigateur, mais peut g\u00e9n\u00e9ralement \u00eatre effectu\u00e9e \u00e0 partir du menu Outils ou Options.\nVous pouvez \u00e9galement consulter le menu d&rsquo;aide du navigateur o\u00f9 vous trouverez des instructions.\nL&rsquo;utilisateur peut &#8211; \u00e0 tout moment &#8211; choisir les cookies qu&rsquo;il souhaite utiliser sur ce site web par le biais des param\u00e8tres du navigateur, par exemple :    <\/p>\n\n<ul>\n<li><a href=\"https:\/\/support.microsoft.com\/en-us\/help\/17442\/windows-internet-explorer-delete-manage-cookies\" target=\"_blank\" rel=\"noopener\"><\/a><a href=\"https:\/\/support.microsoft.com\/en-us\/help\/17442\/windows-internet-explorer-delete-manage-cookies\" target=\"_blank\" rel=\"noopener\">Microsoft Internet Explorer<\/a><\/li>\n\n\n\n<li><a href=\"https:\/\/support.mozilla.org\/es\/kb\/impedir-que-los-sitios-web-guarden-sus-preferencia\" target=\"_blank\" rel=\"noopener\"><\/a><a href=\"https:\/\/support.mozilla.org\/es\/kb\/impedir-que-los-sitios-web-guarden-sus-preferencia\" target=\"_blank\" rel=\"noopener\">Mozilla Firefox<\/a><\/li>\n\n\n\n<li><a href=\"https:\/\/support.google.com\/accounts\/answer\/61416?hl=es\" target=\"_blank\" rel=\"noopener\"><\/a><a href=\"https:\/\/support.google.com\/accounts\/answer\/61416?hl=es\" target=\"_blank\" rel=\"noopener\">Chrome<\/a><\/li>\n\n\n\n<li><a href=\"http:\/\/safari.helpmax.net\/es\/privacidad-y-seguridad\/como-gestionar-las-cookies\/\" target=\"_blank\" rel=\"noopener\"><\/a><a href=\"http:\/\/safari.helpmax.net\/es\/privacidad-y-seguridad\/como-gestionar-las-cookies\/\" target=\"_blank\" rel=\"noopener\">Safari<\/a><\/li>\n\n\n\n<li><a href=\"http:\/\/help.opera.com\/Linux\/10.60\/es-ES\/cookies.html\" target=\"_blank\" rel=\"noopener\"><\/a><a href=\"http:\/\/help.opera.com\/Linux\/10.60\/es-ES\/cookies.html\" target=\"_blank\" rel=\"noopener\">Op\u00e9ra<\/a><\/li>\n<\/ul>\n\n<p><strong>TYPES DE COOKIES<\/strong><\/p>\n\n<p>En fonction de la finalit\u00e9 du traitement des donn\u00e9es obtenues par le biais des cookies, le site web peut utiliser :<\/p>\n\n<ul>\n<li>Les <strong>cookies techniques<\/strong> sont ceux qui permettent \u00e0 l&rsquo;utilisateur de naviguer sur un site web, une plateforme ou une application et d&rsquo;utiliser les diff\u00e9rentes options ou services qui y sont propos\u00e9s, comme par exemple le contr\u00f4le du trafic et de la communication des donn\u00e9es, l&rsquo;identification de la session, l&rsquo;acc\u00e8s \u00e0 des zones d&rsquo;acc\u00e8s restreint.<\/li>\n\n\n\n<li><strong>Cookies de personnalisation :<\/strong> il s&rsquo;agit de cookies qui permettent \u00e0 l&rsquo;utilisateur d&rsquo;acc\u00e9der au service avec certaines caract\u00e9ristiques g\u00e9n\u00e9rales pr\u00e9d\u00e9finies en fonction d&rsquo;une s\u00e9rie de crit\u00e8res dans le terminal de l&rsquo;utilisateur, tels que la langue, le type de navigateur, etc.<\/li>\n\n\n\n<li><strong>Cookies d&rsquo;analyse : il<\/strong> s&rsquo;agit de cookies qui permettent de suivre et d&rsquo;analyser le comportement des utilisateurs des sites web auxquels ils sont li\u00e9s.\nLes informations collect\u00e9es par ce type de cookies sont utilis\u00e9es pour mesurer l&rsquo;activit\u00e9 du site web, de l&rsquo;application ou de la plateforme et pour cr\u00e9er des profils de navigation des utilisateurs. <\/li>\n\n\n\n<li><strong>Cookies publicitaires :<\/strong> ce sont ceux qui permettent de g\u00e9rer, de la mani\u00e8re la plus efficace possible, les espaces publicitaires.<\/li>\n\n\n\n<li><strong>Cookies de publicit\u00e9 comportementale :<\/strong> ces cookies stockent des informations sur le comportement de l&rsquo;utilisateur obtenues gr\u00e2ce \u00e0 l&rsquo;observation continue de ses habitudes de navigation, ce qui permet de d\u00e9velopper un profil sp\u00e9cifique pour afficher de la publicit\u00e9 bas\u00e9e sur ce profil, et sont particuli\u00e8rement utiles dans les actions de <a href=\"https:\/\/www.santaconcha.com\/\" target=\"_blank\" rel=\"noopener\">marketing num\u00e9rique.<\/a><\/li>\n\n\n\n<li><strong>Cookies des r\u00e9seaux sociaux externes :<\/strong> ils sont utilis\u00e9s pour permettre aux visiteurs d&rsquo;interagir avec le contenu de diff\u00e9rentes plateformes sociales (Facebook, Youtube, Twitter, LinkedIn, etc.) et ne sont g\u00e9n\u00e9r\u00e9s que pour les utilisateurs de ces r\u00e9seaux sociaux.\nLes conditions d&rsquo;utilisation de ces cookies et les informations collect\u00e9es sont r\u00e9gies par la politique de confidentialit\u00e9 de la plateforme sociale correspondante. <\/li>\n<\/ul>\n\n<p>Les types de cookies suivants sont actuellement utilis\u00e9s sur le SITE WEB :<\/p>\n\n<p><strong>PROPRES COOKIES<\/strong><\/p>\n\n<figure class=\"wp-block-table\"><table><tbody><tr><td>Cookies techniques<\/td><td>Ils g\u00e8rent la navigation correcte sur le web et son contenu, ce qui permet d&rsquo;identifier les sessions des utilisateurs et de prot\u00e9ger leur utilisation.<\/td><td>N\/A<\/td><\/tr><tr><td>Cookies de personnalisation<\/td><td>Ils am\u00e9liorent l&rsquo;exp\u00e9rience de l&rsquo;utilisateur en stockant des variables personnalis\u00e9es telles que la langue ou les pr\u00e9f\u00e9rences de navigation.<\/td><td>N\/A<\/td><\/tr><\/tbody><\/table><\/figure>\n\n<p><br\/>T<strong>HIRD PARTY COOKIES<\/strong> (Les informations collect\u00e9es ci-dessous ont \u00e9t\u00e9 fournies par ces tiers)<\/p>\n\n<figure class=\"wp-block-table\"><table><tbody><tr><td>Cookies analytiques<\/td><td>Google Analytics et Tag Manager<\/td><td>Les informations g\u00e9n\u00e9r\u00e9es par le cookie concernant votre utilisation du site (y compris votre adresse IP) seront transmises et stock\u00e9es par Google sur des serveurs situ\u00e9s aux Etats-Unis.\nGoogle utilisera cette information dans le but d&rsquo;\u00e9valuer votre utilisation du site, de compiler des rapports sur l&rsquo;activit\u00e9 du site \u00e0 destination de son \u00e9diteur et de fournir d&rsquo;autres services relatifs \u00e0 l&rsquo;activit\u00e9 du site et \u00e0 l&rsquo;utilisation d&rsquo;Internet.\nGoogle n&rsquo;associera pas votre adresse IP \u00e0 d&rsquo;autres donn\u00e9es d\u00e9tenues par Google.  <\/td><td><a href=\"https:\/\/tools.google.com\/dlpage\/gaoptout\" target=\"_blank\" rel=\"noopener\">https:\/\/tools.google.com\/dlpage\/gaoptout<\/a><\/td><\/tr><tr><td>Cookies publicitaires<\/td><td>Google Ads \/ Doubleclick<\/td><td>Il s&rsquo;agit \u00e9galement d&rsquo;un service de Google.\nDans ce cas, il nous permet de mieux comprendre les performances des actions publicitaires men\u00e9es par le biais de cette plateforme en analysant le comportement des utilisateurs qui acc\u00e8dent au site Web par le biais de ces campagnes. <\/td><td><a href=\"http:\/\/www.google.com\/settings\/ads\" target=\"_blank\" rel=\"noopener\">http:\/\/www.google.com\/settings\/ads<\/a><\/td><\/tr><tr><td>Cookies de publicit\u00e9 comportementale<\/td><td>Google<\/td><td>Des cookies de tiers qui analysent le comportement des utilisateurs de mani\u00e8re anonyme et nous permettent d&rsquo;utiliser des services n\u00e9cessaires au bon fonctionnement du site web et de toutes ses fonctionnalit\u00e9s comme, par exemple, savoir combien de fois et sur quels r\u00e9seaux nos contenus sont partag\u00e9s.<\/td><td><a href=\"http:\/\/www.google.es\/intl\/es\/policies\/technologies\/types\/\" target=\"_blank\" rel=\"noopener\">http:\/\/www.google.es\/intl\/es\/policies\/technologies\/types\/<\/a><\/td><\/tr><tr><td>Cookies de publicit\u00e9 comportementale<\/td><td>Facebook Atlas Solutions<\/td><td>Des cookies de tiers qui analysent le comportement des utilisateurs de mani\u00e8re anonyme et nous permettent d&rsquo;utiliser des services n\u00e9cessaires au bon fonctionnement du site web et de toutes ses fonctionnalit\u00e9s comme, par exemple, savoir combien de fois et sur quels r\u00e9seaux nos contenus sont partag\u00e9s.<\/td><td><a href=\"https:\/\/atlassolutions.com\/privacy-policy\" target=\"_blank\" rel=\"noopener\">https:\/\/atlassolutions.com\/privacy-policy\/<\/a><\/td><\/tr><tr><td>Cookies de m\u00e9dias sociaux externes<\/td><td>YouTube<\/td><td>YouTube fournit des boutons et d&rsquo;autres fonctionnalit\u00e9s pour vous permettre de partager des liens vers notre site web.\nLes informations envoy\u00e9es \u00e0 YouTube en dehors de l&rsquo;UE sont utilis\u00e9es par YouTube conform\u00e9ment \u00e0 ses politiques de confidentialit\u00e9. <\/td><td><a href=\"https:\/\/www.google.com\/intl\/es\/policies\/technologies\/types\/\" target=\"_blank\" rel=\"noopener\">https:\/\/www.google.com\/intl\/es\/policies\/technologies\/types\/<\/a><\/td><\/tr><tr><td>Cookies de m\u00e9dias sociaux externes<\/td><td>Instagram<\/td><td>Instagram fournit des boutons et d&rsquo;autres fonctionnalit\u00e9s pour vous permettre de partager des liens vers notre site web sur votre profil.\nLes informations envoy\u00e9es \u00e0 Instagram en dehors de l&rsquo;UE, relatives aux pages que vous avez visit\u00e9es ou aux \u00e9l\u00e9ments qui vous int\u00e9ressent, sont utilis\u00e9es par Instagram conform\u00e9ment \u00e0 ses politiques de confidentialit\u00e9. <\/td><td><a href=\"https:\/\/www.facebook.com\/help\/instagram\/155833707900388\" target=\"_blank\" rel=\"noopener\">https:\/\/www.facebook.com\/help\/instagram\/155833707900388<\/a><\/td><\/tr><tr><td>Cookies de m\u00e9dias sociaux externes<\/td><td>Facebook<\/td><td>Facebook fournit des boutons et d&rsquo;autres fonctionnalit\u00e9s qui vous permettent de partager des liens vers notre site web sur votre profil.\nLes informations envoy\u00e9es \u00e0 Facebook en dehors de l&rsquo;UE, concernant les pages que vous avez visit\u00e9es ou les choses qui vous int\u00e9ressent, sont utilis\u00e9es par Facebook conform\u00e9ment \u00e0 ses politiques de confidentialit\u00e9. <\/td><td><a href=\"https:\/\/www.facebook.com\/policies\/cookies\/\" target=\"_blank\" rel=\"noopener\">https:\/\/www.facebook.com\/policies\/cookies\/<\/a><\/td><\/tr><tr><td>Cookies de m\u00e9dias sociaux externes<\/td><td>Twitter<\/td><td>Twitter fournit des boutons et d&rsquo;autres fonctionnalit\u00e9s vous permettant de partager des liens vers notre site web.\nLes informations envoy\u00e9es \u00e0 Twitter en dehors de l&rsquo;UE sont utilis\u00e9es par Twitter conform\u00e9ment \u00e0 sa politique de confidentialit\u00e9. <\/td><td><a href=\"https:\/\/twitter.com\/privacy?lang=es\" target=\"_blank\" rel=\"noopener\">https:\/\/twitter.com\/privacy?lang=es<\/a><\/td><\/tr><tr><td>Cookies de m\u00e9dias sociaux externes<\/td><td>LinkedIn<\/td><td>Linkedin fournit des boutons et d&rsquo;autres fonctionnalit\u00e9s qui vous permettent de partager des liens vers notre site web sur votre profil.\nLes informations envoy\u00e9es \u00e0 Linkedin en dehors de l&rsquo;UE, concernant les pages que vous avez visit\u00e9es ou les choses qui vous int\u00e9ressent, sont utilis\u00e9es par Linkedin conform\u00e9ment \u00e0 ses politiques de confidentialit\u00e9. <\/td><td><a href=\"https:\/\/www.linkedin.com\/legal\/cookie-policy?trk=hb_ft_cookie\" target=\"_blank\" rel=\"noopener\">https:\/\/www.linkedin.com\/legal\/cookie-policy?trk=hb_ft_cookie<\/a><\/td><\/tr><\/tbody><\/table><\/figure>\n\n<p>Les syst\u00e8mes d&rsquo;opt-out sp\u00e9cifiques indiqu\u00e9s dans le tableau ci-dessus pour le cookie en question (ces syst\u00e8mes peuvent n\u00e9cessiter l&rsquo;installation d&rsquo;un cookie de rejet sur votre ordinateur pour que votre choix de d\u00e9sactivation fonctionne) ; ou d&rsquo;autres outils de tiers, disponibles en ligne, qui permettent aux utilisateurs de d\u00e9tecter les cookies sur chaque site web qu&rsquo;ils visitent et de g\u00e9rer leur d\u00e9sactivation.<\/p>\n\n<p>GICONMES n&rsquo;est pas responsable du contenu et de l&rsquo;exactitude des politiques de confidentialit\u00e9 des tiers incluses dans cette politique de cookies.<\/p>\n\n<p>Si vous avez des questions ou des pr\u00e9occupations concernant cette politique en mati\u00e8re de cookies, veuillez contacter GICONMES \u00e0 l&rsquo;adresse <a href=\"mailto:giconmesiberica@orbitalempresas.es\">giconmesiberica@orbitalempresas.es.<\/a><\/p>\n","protected":false},"excerpt":{"rendered":"<p>QU&rsquo;EST-CE QU&rsquo;UN COOKIE ? Les cookies sont de petits fichiers d&rsquo;information qui sont envoy\u00e9s et stock\u00e9s dans l&rsquo;\u00e9quipement \u00e0 partir duquel vous acc\u00e9dez au Web giconmes.es (PC ou ordinateur personnel, t\u00e9l\u00e9phone portable, tablette ou t\u00e9l\u00e9vision connect\u00e9e) facilitant l&rsquo;utilisation de la m\u00eame, pour offrir un meilleur service. Le site Web giconmes.es utilise des cookies propres et [&hellip;]<\/p>\n","protected":false},"author":4,"featured_media":0,"parent":0,"menu_order":0,"comment_status":"closed","ping_status":"closed","template":"","meta":{"_acf_changed":false,"footnotes":""},"class_list":["post-10354","page","type-page","status-publish","hentry"],"acf":[],"_links":{"self":[{"href":"https:\/\/giconmes.es\/fr\/wp-json\/wp\/v2\/pages\/10354","targetHints":{"allow":["GET"]}}],"collection":[{"href":"https:\/\/giconmes.es\/fr\/wp-json\/wp\/v2\/pages"}],"about":[{"href":"https:\/\/giconmes.es\/fr\/wp-json\/wp\/v2\/types\/page"}],"author":[{"embeddable":true,"href":"https:\/\/giconmes.es\/fr\/wp-json\/wp\/v2\/users\/4"}],"replies":[{"embeddable":true,"href":"https:\/\/giconmes.es\/fr\/wp-json\/wp\/v2\/comments?post=10354"}],"version-history":[{"count":2,"href":"https:\/\/giconmes.es\/fr\/wp-json\/wp\/v2\/pages\/10354\/revisions"}],"predecessor-version":[{"id":10358,"href":"https:\/\/giconmes.es\/fr\/wp-json\/wp\/v2\/pages\/10354\/revisions\/10358"}],"wp:attachment":[{"href":"https:\/\/giconmes.es\/fr\/wp-json\/wp\/v2\/media?parent=10354"}],"curies":[{"name":"wp","href":"https:\/\/api.w.org\/{rel}","templated":true}]}}