{"id":9393,"date":"2023-01-23T08:38:39","date_gmt":"2023-01-23T08:38:39","guid":{"rendered":"https:\/\/giconmes.es\/cookies-politik\/"},"modified":"2024-09-17T10:14:36","modified_gmt":"2024-09-17T10:14:36","slug":"cookies-politik","status":"publish","type":"page","link":"https:\/\/giconmes.es\/de\/cookies-politik\/","title":{"rendered":"Cookies Politik"},"content":{"rendered":"\n<p><strong>WAS SIND COOKIES?<\/strong><\/p>\n\n<p>Cookies sind kleine Informationsdateien, die an das Ger\u00e4t gesendet und dort gespeichert werden, von dem aus Sie auf die Website giconmes.es zugreifen (PC oder PC, Mobiltelefon, Tablet oder angeschlossener Fernseher), um die Nutzung derselben zu erleichtern und einen besseren Service anzubieten.<\/p>\n\n<p>Die Website giconmes.es verwendet sowohl eigene Cookies als auch Cookies von Drittanbietern, die uns helfen, die Qualit\u00e4t zu verbessern, indem sie es uns erm\u00f6glichen, zu vergleichen, uns zu erinnern, zu kontrollieren und zu verstehen, wie unsere Benutzer durch die Website navigieren, zu erkennen, was sie n\u00fctzlich finden und was nicht, und um den Navigationsprozess zu verbessern.<\/p>\n\n<p>Die von der Website verwendeten Cookies richten auf Ihrem Computer keinen Schaden an.\nSie werden nur verwendet, um die angebotenen Dienste zu verbessern.\nEinige sind f\u00fcr das ordnungsgem\u00e4\u00dfe Funktionieren der Website unbedingt erforderlich (technische und personalisierte Cookies), andere werden zur Verbesserung der Leistung und des Benutzererlebnisses verwendet (Analyse, Werbung und verhaltensbezogene Werbung).  <\/p>\n\n<p>Die Website verwendet sowohl Sitzungscookies, tempor\u00e4re Cookies als auch permanente Cookies.\nSitzungscookies speichern Daten, w\u00e4hrend der Benutzer auf die Website zugreift, und verfallen, wenn der Browser geschlossen wird. Dauerhafte Cookies speichern Daten im Terminal, so dass sie in mehr als einer Sitzung aufgerufen und verwendet werden k\u00f6nnen, sie verfallen jedoch in der Regel nach einem Zeitraum, der zwischen zwei Monaten und zwei Jahren liegen kann. <\/p>\n\n<p><strong>DEAKTIVIERUNG VON COOKIES.<\/strong><\/p>\n\n<p>Sie haben die M\u00f6glichkeit, auf Ihrem Computer installierte Cookies zuzulassen, zu blockieren oder zu l\u00f6schen, indem Sie die auf Ihrem Computer installierten Browseroptionen konfigurieren.\nWenn Sie Cookies deaktivieren, sind einige der verf\u00fcgbaren Dienste m\u00f6glicherweise nicht mehr funktionsf\u00e4hig.\nDie Art und Weise, wie Sie Cookies deaktivieren k\u00f6nnen, ist von Browser zu Browser unterschiedlich, kann aber in der Regel \u00fcber das Men\u00fc Extras oder Optionen vorgenommen werden.\nSie k\u00f6nnen auch das Hilfe-Men\u00fc des Browsers konsultieren, wo Sie Anweisungen finden.\nDer Benutzer kann jederzeit w\u00e4hlen, welche Cookies er auf dieser Website verwenden m\u00f6chte, z. B. \u00fcber die Browsereinstellungen:    <\/p>\n\n<ul>\n<li><a href=\"https:\/\/support.microsoft.com\/en-us\/help\/17442\/windows-internet-explorer-delete-manage-cookies\" target=\"_blank\" rel=\"noopener\"><\/a><a href=\"https:\/\/support.microsoft.com\/en-us\/help\/17442\/windows-internet-explorer-delete-manage-cookies\" target=\"_blank\" rel=\"noopener\">Microsoft Internet Explorer<\/a><\/li>\n\n\n\n<li><a href=\"https:\/\/support.mozilla.org\/es\/kb\/impedir-que-los-sitios-web-guarden-sus-preferencia\" target=\"_blank\" rel=\"noopener\"><\/a><a href=\"https:\/\/support.mozilla.org\/es\/kb\/impedir-que-los-sitios-web-guarden-sus-preferencia\" target=\"_blank\" rel=\"noopener\">Mozilla Firefox<\/a><\/li>\n\n\n\n<li><a href=\"https:\/\/support.google.com\/accounts\/answer\/61416?hl=es\" target=\"_blank\" rel=\"noopener\"><\/a><a href=\"https:\/\/support.google.com\/accounts\/answer\/61416?hl=es\" target=\"_blank\" rel=\"noopener\">Chrom<\/a><\/li>\n\n\n\n<li><a href=\"http:\/\/safari.helpmax.net\/es\/privacidad-y-seguridad\/como-gestionar-las-cookies\/\" target=\"_blank\" rel=\"noopener\"><\/a><a href=\"http:\/\/safari.helpmax.net\/es\/privacidad-y-seguridad\/como-gestionar-las-cookies\/\" target=\"_blank\" rel=\"noopener\">Safari<\/a><\/li>\n\n\n\n<li><a href=\"http:\/\/help.opera.com\/Linux\/10.60\/es-ES\/cookies.html\" target=\"_blank\" rel=\"noopener\"><\/a><a href=\"http:\/\/help.opera.com\/Linux\/10.60\/es-ES\/cookies.html\" target=\"_blank\" rel=\"noopener\">Oper<\/a><\/li>\n<\/ul>\n\n<p><strong>ARTEN VON COOKIES<\/strong><\/p>\n\n<p>Je nach dem Zweck, f\u00fcr den die durch die Cookies erhaltenen Daten verarbeitet werden, kann die Website diese verwenden:<\/p>\n\n<ul>\n<li><strong>Technische Cookies:<\/strong> sind solche, die es dem Benutzer erm\u00f6glichen, auf einer Website, Plattform oder Anwendung zu surfen und die verschiedenen Optionen oder Dienste zu nutzen, die dort vorhanden sind, wie z.B. die Steuerung des Datenverkehrs und der Datenkommunikation, die Identifizierung der Sitzung, den Zugriff auf Bereiche mit beschr\u00e4nktem Zugang.<\/li>\n\n\n\n<li><strong>Personalisierungs-Cookies:<\/strong> Dies sind Cookies, die es dem Benutzer erm\u00f6glichen, auf den Dienst mit einigen allgemeinen Merkmalen zuzugreifen, die anhand einer Reihe von Kriterien im Endger\u00e4t des Benutzers vordefiniert wurden, wie z.B. die Sprache, der Browsertyp, usw.<\/li>\n\n\n\n<li><strong>Analyse-Cookies:<\/strong> Dies sind Cookies, die die \u00dcberwachung und Analyse des Verhaltens der Nutzer der Websites, mit denen sie verkn\u00fcpft sind, erm\u00f6glichen.\nDie durch diese Art von Cookies gesammelten Informationen werden verwendet, um die Aktivit\u00e4t der Website, der Anwendung oder der Plattform zu messen und um Benutzerprofile zu erstellen. <\/li>\n\n\n\n<li><strong>Werbe-Cookies:<\/strong> Diese erm\u00f6glichen die m\u00f6glichst effiziente Verwaltung von Werbefl\u00e4chen.<\/li>\n\n\n\n<li><strong>Cookies f\u00fcr verhaltensbasierte Werbung:<\/strong> Diese Cookies speichern Informationen \u00fcber das Nutzerverhalten, die durch kontinuierliche Beobachtung der Surfgewohnheiten gewonnen werden. Dadurch kann ein spezifisches Profil erstellt werden, um darauf basierende Werbung anzuzeigen.<\/li>\n\n\n\n<li><strong>Externe Cookies sozialer Netzwerke:<\/strong> Diese werden verwendet, damit Besucher mit den Inhalten verschiedener sozialer Plattformen (Facebook, Youtube, Twitter, LinkedIn usw.) interagieren k\u00f6nnen und werden nur f\u00fcr Nutzer dieser sozialen Netzwerke generiert.\nDie Bedingungen f\u00fcr die Verwendung dieser Cookies und die gesammelten Informationen werden durch die Datenschutzrichtlinien der entsprechenden sozialen Plattform geregelt. <\/li>\n<\/ul>\n\n<p>Die folgenden Arten von Cookies werden derzeit auf der WEBSITE verwendet:<\/p>\n\n<p><strong>EIGENE COOKIES<\/strong><\/p>\n\n<figure class=\"wp-block-table\"><table><tbody><tr><td>Technische Cookies<\/td><td>Sie sorgen f\u00fcr die korrekte Navigation durch das Web und seine Inhalte und erm\u00f6glichen die Identifizierung von Benutzersitzungen und den Schutz ihrer Nutzung.<\/td><td>K.A.<\/td><\/tr><tr><td>Personalisierungs-Cookies<\/td><td>Sie verbessern das Benutzererlebnis, indem sie personalisierte Variablen wie Sprache oder Surfpr\u00e4ferenzen speichern.<\/td><td>K.A.<\/td><\/tr><\/tbody><\/table><\/figure>\n\n<p><br\/>C<strong>OOKIES VON DRITTEN<\/strong> (Die im Folgenden gesammelten Informationen wurden von diesen Dritten bereitgestellt)<\/p>\n\n<figure class=\"wp-block-table\"><table><tbody><tr><td>Analyse-Cookies<\/td><td>Google Analytics &amp; Tag Manager<\/td><td>Die durch den Cookie erzeugten Informationen \u00fcber Ihre Benutzung dieser Website (einschlie\u00dflich Ihrer IP-Adresse) werden an einen Server von Google in den Vereinigten Staaten \u00fcbertragen und dort gespeichert.\nGoogle wird diese Informationen benutzen, um Ihre Nutzung der Website auszuwerten, um Reports \u00fcber die Websiteaktivit\u00e4ten f\u00fcr die Websitebetreiber zusammenzustellen und um weitere mit der Websitenutzung und der Internetnutzung verbundene Dienstleistungen zu erbringen.\nGoogle wird Ihre IP-Adresse nicht mit anderen von Google gespeicherten Daten in Verbindung bringen.  <\/td><td><a href=\"https:\/\/tools.google.com\/dlpage\/gaoptout\" target=\"_blank\" rel=\"noopener\">https:\/\/tools.google.com\/dlpage\/gaoptout<\/a><\/td><\/tr><tr><td>Werbung Cookies<\/td><td>Google-Anzeigen \/ Doubleclick<\/td><td>Auch ein Google-Dienst.\nIn diesem Fall erm\u00f6glicht er uns, die Leistung von Werbema\u00dfnahmen \u00fcber diese Plattform besser zu verstehen, indem wir das Verhalten der Nutzer analysieren, die \u00fcber diese Kampagnen auf die Website zugreifen. <\/td><td><a href=\"http:\/\/www.google.com\/settings\/ads\" target=\"_blank\" rel=\"noopener\">http:\/\/www.google.com\/settings\/ads<\/a><\/td><\/tr><tr><td>Cookies f\u00fcr verhaltensbasierte Werbung<\/td><td>Google<\/td><td>Cookies von Drittanbietern, die das Nutzerverhalten anonym analysieren und uns die Nutzung von Diensten erm\u00f6glichen, die f\u00fcr das ordnungsgem\u00e4\u00dfe Funktionieren der Website und all ihrer Funktionen erforderlich sind, wie z.B. zu wissen, wie oft und in welchen Netzwerken unsere Inhalte geteilt werden.<\/td><td><a href=\"http:\/\/www.google.es\/intl\/es\/policies\/technologies\/types\/\" target=\"_blank\" rel=\"noopener\">http:\/\/www.google.es\/intl\/es\/policies\/technologies\/types\/<\/a><\/td><\/tr><tr><td>Cookies f\u00fcr verhaltensbasierte Werbung<\/td><td>Facebook Atlas-L\u00f6sungen<\/td><td>Cookies von Drittanbietern, die das Nutzerverhalten anonym analysieren und uns die Nutzung von Diensten erm\u00f6glichen, die f\u00fcr das ordnungsgem\u00e4\u00dfe Funktionieren der Website und all ihrer Funktionen erforderlich sind, wie z.B. zu wissen, wie oft und in welchen Netzwerken unsere Inhalte geteilt werden.<\/td><td><a href=\"https:\/\/atlassolutions.com\/privacy-policy\" target=\"_blank\" rel=\"noopener\">https:\/\/atlassolutions.com\/privacy-policy\/<\/a><\/td><\/tr><tr><td>Externe Cookies f\u00fcr soziale Medien<\/td><td>YouTube<\/td><td>YouTube stellt Schaltfl\u00e4chen und andere Funktionen zur Verf\u00fcgung, mit denen Sie Links zu unserer Website teilen k\u00f6nnen.\nDie an YouTube au\u00dferhalb der EU gesendeten Informationen werden von YouTube in \u00dcbereinstimmung mit seinen Datenschutzrichtlinien verwendet. <\/td><td><a href=\"https:\/\/www.google.com\/intl\/es\/policies\/technologies\/types\/\" target=\"_blank\" rel=\"noopener\">https:\/\/www.google.com\/intl\/es\/policies\/technologies\/types\/<\/a><\/td><\/tr><tr><td>Externe Cookies f\u00fcr soziale Medien<\/td><td>Instagram<\/td><td>Instagram bietet Schaltfl\u00e4chen und andere Funktionen, die es Ihnen erm\u00f6glichen, Links zu unserer Website in Ihrem Profil zu teilen.\nInformationen, die an Instagram au\u00dferhalb der EU gesendet werden und sich auf Seiten beziehen, die Sie besucht haben oder auf Dinge, die Sie interessieren, werden von Instagram in \u00dcbereinstimmung mit seinen Datenschutzrichtlinien verwendet. <\/td><td><a href=\"https:\/\/www.facebook.com\/help\/instagram\/155833707900388\" target=\"_blank\" rel=\"noopener\">https:\/\/www.facebook.com\/help\/instagram\/155833707900388<\/a><\/td><\/tr><tr><td>Externe Cookies f\u00fcr soziale Medien<\/td><td>Facebook<\/td><td>Facebook stellt Schaltfl\u00e4chen und andere Funktionen zur Verf\u00fcgung, mit denen Sie Links zu unserer Website in Ihrem Profil teilen k\u00f6nnen.\nDie an Facebook au\u00dferhalb der EU gesendeten Informationen, die sich auf Seiten beziehen, die Sie besucht haben, oder auf Dinge, die Sie interessieren, werden von Facebook in \u00dcbereinstimmung mit seinen Datenschutzrichtlinien verwendet. <\/td><td><a href=\"https:\/\/www.facebook.com\/policies\/cookies\/\" target=\"_blank\" rel=\"noopener\">https:\/\/www.facebook.com\/policies\/cookies\/<\/a><\/td><\/tr><tr><td>Externe Cookies f\u00fcr soziale Medien<\/td><td>Twitter<\/td><td>Twitter stellt Schaltfl\u00e4chen und andere Funktionen zur Verf\u00fcgung, mit denen Sie Links zu unserer Website teilen k\u00f6nnen.\nInformationen, die an Twitter au\u00dferhalb der EU gesendet werden, werden von Twitter in \u00dcbereinstimmung mit seinen Datenschutzrichtlinien verwendet. <\/td><td><a href=\"https:\/\/twitter.com\/privacy?lang=es\" target=\"_blank\" rel=\"noopener\">https:\/\/twitter.com\/privacy?lang=es<\/a><\/td><\/tr><tr><td>Externe Cookies f\u00fcr soziale Medien<\/td><td>LinkedIn<\/td><td>Linkedin stellt Schaltfl\u00e4chen und andere Funktionen zur Verf\u00fcgung, mit denen Sie Links zu unserer Website in Ihrem Profil teilen k\u00f6nnen.\nInformationen, die au\u00dferhalb der EU an Linkedin gesendet werden und sich auf Seiten beziehen, die Sie besucht haben, oder auf Dinge, die Sie interessieren, werden von Linkedin in \u00dcbereinstimmung mit seinen Datenschutzrichtlinien verwendet. <\/td><td><a href=\"https:\/\/www.linkedin.com\/legal\/cookie-policy?trk=hb_ft_cookie\" target=\"_blank\" rel=\"noopener\">https:\/\/www.linkedin.com\/legal\/cookie-policy?trk=hb_ft_cookie<\/a><\/td><\/tr><\/tbody><\/table><\/figure>\n\n<p>Die spezifischen Opt-Out-Systeme, die in der obigen Tabelle f\u00fcr das betreffende Cookie angegeben sind (diese Systeme k\u00f6nnen erfordern, dass ein &#8222;Ablehnungs&#8220;-Cookie auf Ihrem Computer installiert wird, damit Ihre Wahl der Deaktivierung funktioniert); oder andere online verf\u00fcgbare Tools von Drittanbietern, die es dem Benutzer erm\u00f6glichen, Cookies auf jeder von ihm besuchten Website zu erkennen und ihre Deaktivierung zu verwalten.<\/p>\n\n<p>GICONMES ist nicht verantwortlich f\u00fcr den Inhalt und die Richtigkeit der Datenschutzrichtlinien von Dritten, die in dieser Cookie-Richtlinie enthalten sind.<\/p>\n\n<p>Wenn Sie Fragen zu dieser Cookie-Richtlinie haben, wenden Sie sich bitte an GICONMES unter <a href=\"mailto:giconmesiberica@orbitalempresas.es\">giconmesiberica@orbitalempresas.es.<\/a><\/p>\n","protected":false},"excerpt":{"rendered":"<p>WAS SIND COOKIES? Cookies sind kleine Informationsdateien, die an das Ger\u00e4t gesendet und dort gespeichert werden, von dem aus Sie auf die Website giconmes.es zugreifen (PC oder PC, Mobiltelefon, Tablet oder angeschlossener Fernseher), um die Nutzung derselben zu erleichtern und einen besseren Service anzubieten. Die Website giconmes.es verwendet sowohl eigene Cookies als auch Cookies von [&hellip;]<\/p>\n","protected":false},"author":4,"featured_media":0,"parent":0,"menu_order":0,"comment_status":"closed","ping_status":"closed","template":"","meta":{"_acf_changed":false,"footnotes":""},"class_list":["post-9393","page","type-page","status-publish","hentry"],"acf":[],"_links":{"self":[{"href":"https:\/\/giconmes.es\/de\/wp-json\/wp\/v2\/pages\/9393","targetHints":{"allow":["GET"]}}],"collection":[{"href":"https:\/\/giconmes.es\/de\/wp-json\/wp\/v2\/pages"}],"about":[{"href":"https:\/\/giconmes.es\/de\/wp-json\/wp\/v2\/types\/page"}],"author":[{"embeddable":true,"href":"https:\/\/giconmes.es\/de\/wp-json\/wp\/v2\/users\/4"}],"replies":[{"embeddable":true,"href":"https:\/\/giconmes.es\/de\/wp-json\/wp\/v2\/comments?post=9393"}],"version-history":[{"count":2,"href":"https:\/\/giconmes.es\/de\/wp-json\/wp\/v2\/pages\/9393\/revisions"}],"predecessor-version":[{"id":9396,"href":"https:\/\/giconmes.es\/de\/wp-json\/wp\/v2\/pages\/9393\/revisions\/9396"}],"wp:attachment":[{"href":"https:\/\/giconmes.es\/de\/wp-json\/wp\/v2\/media?parent=9393"}],"curies":[{"name":"wp","href":"https:\/\/api.w.org\/{rel}","templated":true}]}}