{"id":9345,"date":"2023-01-18T08:50:02","date_gmt":"2023-01-18T08:50:02","guid":{"rendered":"https:\/\/giconmes.es\/datenschutzbestimmungen\/"},"modified":"2024-09-17T10:14:36","modified_gmt":"2024-09-17T10:14:36","slug":"datenschutzbestimmungen","status":"publish","type":"page","link":"https:\/\/giconmes.es\/de\/datenschutzbestimmungen\/","title":{"rendered":"Datenschutzbestimmungen"},"content":{"rendered":"\n<p>Unsere Website-Adresse lautet: http:\/\/giconmes.es<\/p>\n\n<p>Gem\u00e4\u00df den geltenden Vorschriften zum Schutz personenbezogener Daten informieren wir Sie dar\u00fcber, dass es beim Besuch von www.giconmes.es erforderlich ist, bestimmte personenbezogene Daten anzugeben, die automatisch verarbeitet und in die entsprechenden automatisierten Dateien aufgenommen werden, die zuvor bei der zust\u00e4ndigen Beh\u00f6rde registriert wurden oder registriert werden, deren Inhaber GICONMES IBERICA, SLU.\nder Eigent\u00fcmer und Verantwortliche ist oder sein wird.\nDie Antworten auf die mit einem Sternchen (*) gekennzeichneten Fragen zu den pers\u00f6nlichen Daten sind obligatorisch und die Nichtbeantwortung dieser Fragen macht es unm\u00f6glich, fortzufahren.  <\/p>\n\n<p>Der Zweck der Erfassung und automatisierten Verarbeitung personenbezogener Daten ist die Aufrechterhaltung der mit GICONMES IBERICA, SLU bestehenden vertraglichen Beziehung. -Management, Verwaltung, Verbesserung und Anpassung an die Vorlieben und den Geschmack von Produkten und Dienstleistungen-, sowie die Zusendung von administrativen, technischen, organisatorischen und\/oder kommerziellen Informationen \u00fcber Produkte und Dienstleistungen, die von einer zu GICONMES IBERICA, SLU geh\u00f6renden Marke angeboten werden oder angeboten werden k\u00f6nnten, auf traditionellem und\/oder elektronischem Weg, Der Inhaber der Daten erkl\u00e4rt sich ausdr\u00fccklich damit einverstanden, dass die in der vorgenannten Datei enthaltenen Daten an das Unternehmen GICONMES IBERICA, SLU \u00fcbertragen oder \u00fcbermittelt werden. Der Inhaber der Daten hat jederzeit das Recht, auf die Datei zuzugreifen und die Rechte der Berichtigung, L\u00f6schung und des Widerspruchs gem\u00e4\u00df den Bestimmungen des Datenschutzgesetzes LOPD 15\/1999 vom 13. Dezember auszu\u00fcben. Ebenso kann die Zustimmung des Nutzers zur Verarbeitung und Weitergabe seiner pers\u00f6nlichen Daten jederzeit widerrufen werden. Zu diesem Zweck muss ein schriftlicher und unterzeichneter Antrag an GICONMES IBERICA, SLU. Pol. Ind. &#8222;La Cartuja&#8220;; n\u00ba350.720 La Cartuja Baja &#8211; Zaragoza (Spanien) oder per E-Mail an giconmesiberica@orbitalempresas.es.<\/p>\n\n<h2 class=\"wp-block-heading\">Welche pers\u00f6nlichen Daten wir sammeln und warum wir sie sammeln<\/h2>\n\n<h3 class=\"wp-block-heading\">Kontaktformulare<\/h3>\n\n<p>Wenn Besucher ein Kontaktformular auf der Website abschicken, sammeln wir die Daten, die auf dem Formular angezeigt werden, sowie die IP-Adresse des Besuchers und den User-Agent-String des Browsers, um die Spam-Erkennung zu unterst\u00fctzen.<\/p>\n\n<h3 class=\"wp-block-heading\">Cookies<\/h3>\n\n<p>Wenn Sie ein Konto haben und sich auf dieser Website anmelden, setzen wir ein tempor\u00e4res Cookie, um festzustellen, ob Ihr Browser Cookies akzeptiert.\nDieses Cookie enth\u00e4lt keine pers\u00f6nlichen Daten und wird gel\u00f6scht, wenn Sie Ihren Browser schlie\u00dfen. <\/p>\n\n<p>Wenn Sie sich anmelden, setzen wir au\u00dferdem eine Reihe von Cookies, um Ihre Anmeldeinformationen und Bildschirmoptionen zu speichern.\nDie Cookies f\u00fcr die Anmeldung bleiben zwei Tage lang gespeichert, die Cookies f\u00fcr die Anzeigeoptionen ein Jahr lang.\nWenn Sie &#8222;Angemeldet bleiben&#8220; w\u00e4hlen, bleibt Ihre Anmeldung zwei Wochen lang gespeichert.\nWenn Sie sich von Ihrem Konto abmelden, werden Ihre Login-Cookies gel\u00f6scht.   <\/p>\n\n<p>Wenn Sie einen Artikel bearbeiten oder ver\u00f6ffentlichen, wird ein zus\u00e4tzliches Cookie in Ihrem Browser gespeichert.\nDieses Cookie enth\u00e4lt keine pers\u00f6nlichen Daten und zeigt lediglich die ID des Artikels an, den Sie gerade bearbeitet haben.\nEr l\u00e4uft nach 1 Tag ab.  <\/p>\n\n<p>Wir verwenden das Webanalysesystem von Google, das Cookies installiert, um Statistiken \u00fcber das Surfen der Benutzer zu erhalten.\nSehen Sie <a href=\"https:\/\/developers.google.com\/analytics\/devguides\/collection\/analyticsjs\/cookie-usage?hl=es-419\" target=\"_blank\" rel=\"noreferrer noopener\">hier<\/a> die Cookies, die installiert werden k\u00f6nnen. <\/p>\n\n<h3 class=\"wp-block-heading\">Eingebettete Inhalte von anderen Websites<\/h3>\n\n<p>Die Artikel auf dieser Website k\u00f6nnen eingebettete Inhalte enthalten (z.B. Videos, Bilder, Artikel usw.).\nEingebettete Inhalte von anderen Websites verhalten sich genau so, als ob der Besucher die andere Website besucht h\u00e4tte. <\/p>\n\n<p>Diese Websites k\u00f6nnen Daten \u00fcber Sie sammeln, Cookies verwenden, zus\u00e4tzliche Trackingfunktionen von Drittanbietern einbetten und Ihre Interaktion mit diesen eingebetteten Inhalten \u00fcberwachen, einschlie\u00dflich der Verfolgung Ihrer Interaktion mit den eingebetteten Inhalten, wenn Sie ein Konto haben und auf dieser Website angemeldet sind.<\/p>\n\n<h2 class=\"wp-block-heading\">Mit wem wir Ihre Daten teilen<\/h2>\n\n<p>F\u00fcr die Webanalyse teilen wir anonyme Daten wie Ihre IP-Adresse mit Google.\nLesen Sie die <a href=\"https:\/\/policies.google.com\/privacy?hl=es\" target=\"_blank\" rel=\"noreferrer noopener\">Datenschutzbestimmungen von Google<\/a> hier. <\/p>\n\n<h2 class=\"wp-block-heading\">Wie lange wir Ihre Daten aufbewahren<\/h2>\n\n<p>F\u00fcr Benutzer, die sich auf unserer Website registrieren (falls vorhanden), speichern wir auch die pers\u00f6nlichen Daten, die sie in ihrem Benutzerprofil angeben.\nAlle Benutzer k\u00f6nnen ihre pers\u00f6nlichen Daten jederzeit einsehen, bearbeiten oder l\u00f6schen (mit der Ausnahme, dass sie ihren Benutzernamen nicht \u00e4ndern k\u00f6nnen).\nAuch die Administratoren der Website k\u00f6nnen diese Informationen einsehen und bearbeiten.  <\/p>\n\n<p>Die \u00fcber die Formulare \u00fcbermittelten Daten werden auf unbestimmte Zeit gespeichert, um die in diesen Nachrichten gestellten Fragen beantworten zu k\u00f6nnen.<\/p>\n\n<h2 class=\"wp-block-heading\">Welche Rechte Sie \u00fcber Ihre Daten haben<\/h2>\n\n<p>Wenn Sie ein Konto haben oder Kommentare auf dieser Website hinterlassen haben, k\u00f6nnen Sie eine Exportdatei der personenbezogenen Daten anfordern, die wir \u00fcber Sie gespeichert haben, einschlie\u00dflich aller Daten, die Sie uns zur Verf\u00fcgung gestellt haben.\nSie k\u00f6nnen auch verlangen, dass wir alle personenbezogenen Daten, die wir \u00fcber Sie gespeichert haben, l\u00f6schen.\nDies gilt nicht f\u00fcr Daten, die wir aus administrativen, rechtlichen oder Sicherheitsgr\u00fcnden aufbewahren m\u00fcssen.  <\/p>\n\n<h2 class=\"wp-block-heading\">Wohin wir Ihre Daten senden<\/h2>\n\n<p>Anonyme Daten, wie z.B. Ihre IP-Adresse, k\u00f6nnen zu statistischen Zwecken an Google gesendet werden.<\/p>\n\n<h2 class=\"wp-block-heading\">Kontaktinformationen<\/h2>\n\n<p>giconmesiberica@orbitalempresas.es<\/p>\n","protected":false},"excerpt":{"rendered":"<p>Unsere Website-Adresse lautet: http:\/\/giconmes.es Gem\u00e4\u00df den geltenden Vorschriften zum Schutz personenbezogener Daten informieren wir Sie dar\u00fcber, dass es beim Besuch von www.giconmes.es erforderlich ist, bestimmte personenbezogene Daten anzugeben, die automatisch verarbeitet und in die entsprechenden automatisierten Dateien aufgenommen werden, die zuvor bei der zust\u00e4ndigen Beh\u00f6rde registriert wurden oder registriert werden, deren Inhaber GICONMES IBERICA, SLU. [&hellip;]<\/p>\n","protected":false},"author":4,"featured_media":0,"parent":0,"menu_order":0,"comment_status":"closed","ping_status":"closed","template":"","meta":{"_acf_changed":false,"footnotes":""},"class_list":["post-9345","page","type-page","status-publish","hentry"],"acf":[],"_links":{"self":[{"href":"https:\/\/giconmes.es\/de\/wp-json\/wp\/v2\/pages\/9345","targetHints":{"allow":["GET"]}}],"collection":[{"href":"https:\/\/giconmes.es\/de\/wp-json\/wp\/v2\/pages"}],"about":[{"href":"https:\/\/giconmes.es\/de\/wp-json\/wp\/v2\/types\/page"}],"author":[{"embeddable":true,"href":"https:\/\/giconmes.es\/de\/wp-json\/wp\/v2\/users\/4"}],"replies":[{"embeddable":true,"href":"https:\/\/giconmes.es\/de\/wp-json\/wp\/v2\/comments?post=9345"}],"version-history":[{"count":2,"href":"https:\/\/giconmes.es\/de\/wp-json\/wp\/v2\/pages\/9345\/revisions"}],"predecessor-version":[{"id":9353,"href":"https:\/\/giconmes.es\/de\/wp-json\/wp\/v2\/pages\/9345\/revisions\/9353"}],"wp:attachment":[{"href":"https:\/\/giconmes.es\/de\/wp-json\/wp\/v2\/media?parent=9345"}],"curies":[{"name":"wp","href":"https:\/\/api.w.org\/{rel}","templated":true}]}}