{"id":9308,"date":"2023-01-23T08:38:52","date_gmt":"2023-01-23T08:38:52","guid":{"rendered":"https:\/\/giconmes.es\/bedingungen-und-konditionen\/"},"modified":"2024-09-17T10:13:38","modified_gmt":"2024-09-17T10:13:38","slug":"bedingungen-und-konditionen","status":"publish","type":"page","link":"https:\/\/giconmes.es\/de\/bedingungen-und-konditionen\/","title":{"rendered":"Bedingungen und Konditionen"},"content":{"rendered":"\n<h2 class=\"wp-block-heading\">RECHTLICHE IDENTIFIZIERUNG UND HAFTUNG<\/h2>\n\n<p>Die Pflege dieser Website und die Verantwortung f\u00fcr ihren gesamten Inhalt liegen bei GICONMES IBERICA, SLU.\nIndem Sie die Website besuchen, akzeptieren Sie die unten beschriebenen Bedingungen.\nDie besagten Inhalte sowie der Domainname www.giconmes.es geh\u00f6ren GICONMES IBERICA, S.L.  <\/p>\n\n<p><br\/>GICONMES IBERICA, SLU. Pol.\nInd.\n<br\/><br\/>&#8222;La Cartuja&#8220;; n\u00ba3 50.720 La Cartuja Baja -Zaragoza Spanien  <\/p>\n\n<p>Alle Inhalte der Seiten von www.giconmes.es, wie Texte, Fotografien, Logos, Bilder sowie das grafische Design und die Software dieser Website, sowohl einzeln als auch als homogenes \u00e4sthetisches Ganzes, sind exklusives Eigentum von GICONMES IBERICA, SLU.\noder seiner Mitarbeiter und unterliegen den Rechten des geistigen und gewerblichen Eigentums, die durch nationale und internationale Gesetze gesch\u00fctzt sind. <\/p>\n\n<p>Jede unerlaubte Nutzung aller oder eines Teils dieser Werke oder Dienste kann einen Versto\u00df gegen die oben genannten Bestimmungen sowie eine Straftat darstellen, die gem\u00e4\u00df den Bestimmungen der Artikel 270 ff. des geltenden Strafgesetzbuches geahndet wird.\nIhre Nutzung, Vervielf\u00e4ltigung, Ver\u00e4nderung, Verteilung, Verbreitung, \u00dcbertragung, Manipulation sowie jede Nutzung, die \u00fcber die normale und notwendige Nutzung f\u00fcr den Besuch der Website und die Nutzung der dort angebotenen Dienste hinausgeht, ist verboten. <\/p>\n","protected":false},"excerpt":{"rendered":"<p>RECHTLICHE IDENTIFIZIERUNG UND HAFTUNG Die Pflege dieser Website und die Verantwortung f\u00fcr ihren gesamten Inhalt liegen bei GICONMES IBERICA, SLU. Indem Sie die Website besuchen, akzeptieren Sie die unten beschriebenen Bedingungen. Die besagten Inhalte sowie der Domainname www.giconmes.es geh\u00f6ren GICONMES IBERICA, S.L. GICONMES IBERICA, SLU. Pol. Ind. &#8222;La Cartuja&#8220;; n\u00ba3 50.720 La Cartuja Baja -Zaragoza [&hellip;]<\/p>\n","protected":false},"author":4,"featured_media":0,"parent":0,"menu_order":0,"comment_status":"closed","ping_status":"closed","template":"","meta":{"_acf_changed":false,"footnotes":""},"class_list":["post-9308","page","type-page","status-publish","hentry"],"acf":[],"_links":{"self":[{"href":"https:\/\/giconmes.es\/de\/wp-json\/wp\/v2\/pages\/9308","targetHints":{"allow":["GET"]}}],"collection":[{"href":"https:\/\/giconmes.es\/de\/wp-json\/wp\/v2\/pages"}],"about":[{"href":"https:\/\/giconmes.es\/de\/wp-json\/wp\/v2\/types\/page"}],"author":[{"embeddable":true,"href":"https:\/\/giconmes.es\/de\/wp-json\/wp\/v2\/users\/4"}],"replies":[{"embeddable":true,"href":"https:\/\/giconmes.es\/de\/wp-json\/wp\/v2\/comments?post=9308"}],"version-history":[{"count":2,"href":"https:\/\/giconmes.es\/de\/wp-json\/wp\/v2\/pages\/9308\/revisions"}],"predecessor-version":[{"id":9313,"href":"https:\/\/giconmes.es\/de\/wp-json\/wp\/v2\/pages\/9308\/revisions\/9313"}],"wp:attachment":[{"href":"https:\/\/giconmes.es\/de\/wp-json\/wp\/v2\/media?parent=9308"}],"curies":[{"name":"wp","href":"https:\/\/api.w.org\/{rel}","templated":true}]}}