{"id":9294,"date":"2023-01-24T13:33:47","date_gmt":"2023-01-24T12:33:47","guid":{"rendered":"https:\/\/giconmes.es\/technik\/"},"modified":"2024-09-17T10:13:42","modified_gmt":"2024-09-17T10:13:42","slug":"technik","status":"publish","type":"page","link":"https:\/\/giconmes.es\/de\/technik\/","title":{"rendered":"Technik"},"content":{"rendered":"\n<div class=\"wp-block-cover alignfull is-light is-style-hero-cover\" style=\"min-height:784px;aspect-ratio:unset;\"><span aria-hidden=\"true\" class=\"wp-block-cover__background has-body-white-background-color has-background-dim\"><\/span><img loading=\"lazy\" decoding=\"async\" width=\"1441\" height=\"1377\" class=\"wp-block-cover__image-background wp-image-234\" alt=\". Generadores de vapor industrial Giconmes\" src=\"https:\/\/giconmes.es\/wp-content\/uploads\/2023\/02\/BG-TEST.jpg\" data-object-fit=\"cover\" title=\"Generadores de vapor industrial Giconmes\" srcset=\"https:\/\/giconmes.es\/wp-content\/uploads\/2023\/02\/BG-TEST.jpg 1441w, https:\/\/giconmes.es\/wp-content\/uploads\/2023\/02\/BG-TEST-300x287.jpg 300w, https:\/\/giconmes.es\/wp-content\/uploads\/2023\/02\/BG-TEST-1024x979.jpg 1024w, https:\/\/giconmes.es\/wp-content\/uploads\/2023\/02\/BG-TEST-768x734.jpg 768w\" sizes=\"auto, (max-width: 1441px) 100vw, 1441px\" \/><div class=\"wp-block-cover__inner-container is-layout-flow wp-block-cover-is-layout-flow\">\n<div style=\"height:144px\" aria-hidden=\"true\" class=\"wp-block-spacer dnone-mobile\"><\/div>\n\n\n\n<div class=\"wp-block-columns is-layout-flex wp-container-core-columns-is-layout-1 wp-block-columns-is-layout-flex\">\n<div class=\"wp-block-column is-layout-flow wp-block-column-is-layout-flow\">\n<p class=\"text-h6 has-body-medium-color has-text-color\">Technik &amp; ENGINEERING GICONMES<\/p>\n<\/div>\n<\/div>\n\n\n\n<div class=\"wp-block-columns is-layout-flex wp-container-core-columns-is-layout-2 wp-block-columns-is-layout-flex\">\n<div class=\"wp-block-column border--right_start is-layout-flow wp-block-column-is-layout-flow\" style=\"flex-basis:50%\">\n<h1 class=\"wp-block-heading text-h1\">Technik<\/h1>\n<\/div>\n\n\n\n<div class=\"wp-block-column dnone-tablet is-layout-flow wp-block-column-is-layout-flow\" style=\"flex-basis:8.3%\"><\/div>\n\n\n\n<div class=\"wp-block-column is-layout-flow wp-block-column-is-layout-flow\">\n<p class=\"text-h5 has-medium-font-size\"><strong>Dampftechniker seit 1957<\/strong><\/p>\n\n\n\n<p class=\"has-medium-font-size\">Fabrik- und Verfahrenstechnik f\u00fcr Heizungs-, Sanit\u00e4r-\/Desinfektions-, Sterilisations- und Verarbeitungsanwendungen<\/p>\n\n\n\n<div style=\"height:32px\" aria-hidden=\"true\" class=\"wp-block-spacer\"><\/div>\n\n\n\n<p><strong><a href=\"https:\/\/giconmes.es\/de\/kontakt\/\" data-type=\"page\" data-id=\"193\">K\u00d6NNEN WIR IHNEN HELFEN?<\/a><\/strong><\/p>\n<\/div>\n<\/div>\n\n\n\n<div class=\"wp-block-columns is-layout-flex wp-container-core-columns-is-layout-3 wp-block-columns-is-layout-flex\">\n<div class=\"wp-block-column is-layout-flow wp-block-column-is-layout-flow\">\n<figure class=\"wp-block-image size-full\"><a href=\"#breadcrumbs\"><img decoding=\"async\" src=\"https:\/\/giconmes.es\/wp-content\/uploads\/2023\/07\/arrow-down.svg\" alt=\"Bl&#xE4;ttern Sie\" class=\"wp-image-221\" title=\"Generadores de vapor industrial Giconmes\"><\/a><\/figure>\n<\/div>\n<\/div>\n\n\n\n<div style=\"height:96px\" aria-hidden=\"true\" class=\"wp-block-spacer dnone-mobile\"><\/div>\n<\/div><\/div>\n<div id=\"breadcrumbs\" class=\"alignfull\"><nav aria-label=\"breadcrumbs\" class=\"rank-math-breadcrumb\"><p><span class=\"label\">VAPOR PARA LA INDUSTRIA \u00bb<\/span> <span class=\"last\">Giconmes<\/span><\/p><\/nav><\/div>\n<div class=\"wp-block-columns mb-0 is-layout-flex wp-container-core-columns-is-layout-4 wp-block-columns-is-layout-flex\">\n<div class=\"wp-block-column is-layout-flow wp-block-column-is-layout-flow\" style=\"flex-basis:58.3%\">\n<div style=\"height:112px\" aria-hidden=\"true\" class=\"wp-block-spacer\"><\/div>\n\n\n\n<h2 class=\"wp-block-heading text-h6\">Ma\u00dfgeschneiderte Dampferzeuger<\/h2>\n\n\n\n<div style=\"height:16px\" aria-hidden=\"true\" class=\"wp-block-spacer\"><\/div>\n\n\n\n<p class=\"text-h2\">Entwicklung von <mark style=\"background-color:rgba(0, 0, 0, 0)\" class=\"has-inline-color has-primary-color\">ma\u00dfgeschneiderten<\/mark> Engineering-Projekten f\u00fcr jeden Kunden<\/p>\n<\/div>\n\n\n\n<div class=\"wp-block-column dnone-tablet is-layout-flow wp-block-column-is-layout-flow\" style=\"flex-basis:8.3%\">\n<figure class=\"wp-block-image size-full\"><img loading=\"lazy\" decoding=\"async\" width=\"9\" height=\"544\" src=\"https:\/\/giconmes.es\/wp-content\/uploads\/2023\/02\/LINE.png\" alt=\". Generadores de vapor industrial Giconmes\" class=\"wp-image-255\" title=\"Generadores de vapor industrial Giconmes\"><\/figure>\n<\/div>\n\n\n\n<div class=\"wp-block-column is-layout-flow wp-block-column-is-layout-flow\" style=\"flex-basis:33.33%\">\n<div style=\"height:160px\" aria-hidden=\"true\" class=\"wp-block-spacer dnone-mobile\"><\/div>\n\n\n\n<p><strong>Nachgewiesene Erfahrung bei der Erweiterung der M\u00f6glichkeiten von Dampf<\/strong><\/p>\n\n\n\n<p>Unser Engagement konzentriert sich auf die Bereitstellung ma\u00dfgeschneiderter L\u00f6sungen, die auf die spezifischen Bed\u00fcrfnisse jedes Kunden zugeschnitten sind.\nDank unserer Erfahrung und unseres Fachwissens bieten wir innovative und effiziente L\u00f6sungen, die industrielle Prozesse optimieren und hervorragende Ergebnisse in Bezug auf Qualit\u00e4t, Sicherheit und Leistung gew\u00e4hrleisten. <\/p>\n<\/div>\n<\/div>\n\n<div class=\"wp-block-group alignfull has-bg-20-background-color has-background\"><div class=\"wp-block-group__inner-container is-layout-constrained wp-block-group-is-layout-constrained\">\n<div class=\"wp-block-columns is-layout-flex wp-container-core-columns-is-layout-5 wp-block-columns-is-layout-flex\">\n<div class=\"wp-block-column is-layout-flow wp-block-column-is-layout-flow\">\n<div class=\"wp-block-query productos is-layout-flow wp-block-query-is-layout-flow\"><\/div>\n<\/div>\n<\/div>\n<\/div><\/div>\n\n<div style=\"height:64px\" aria-hidden=\"true\" class=\"wp-block-spacer\"><\/div>\n\n<div class=\"wp-block-cover alignwide is-light\" style=\"min-height:784px;aspect-ratio:unset;\"><span aria-hidden=\"true\" class=\"wp-block-cover__background has-primary-100-background-color has-background-dim\"><\/span><img loading=\"lazy\" decoding=\"async\" width=\"1312\" height=\"844\" class=\"wp-block-cover__image-background wp-image-307\" alt=\". Generadores de vapor industrial Giconmes\" src=\"https:\/\/giconmes.es\/wp-content\/uploads\/2023\/02\/CTA.jpg\" data-object-fit=\"cover\" title=\"Generadores de vapor industrial Giconmes\" srcset=\"https:\/\/giconmes.es\/wp-content\/uploads\/2023\/02\/CTA.jpg 1312w, https:\/\/giconmes.es\/wp-content\/uploads\/2023\/02\/CTA-300x193.jpg 300w, https:\/\/giconmes.es\/wp-content\/uploads\/2023\/02\/CTA-1024x659.jpg 1024w, https:\/\/giconmes.es\/wp-content\/uploads\/2023\/02\/CTA-768x494.jpg 768w\" sizes=\"auto, (max-width: 1312px) 100vw, 1312px\" \/><div class=\"wp-block-cover__inner-container is-layout-flow wp-block-cover-is-layout-flow\">\n<div style=\"height:124px\" aria-hidden=\"true\" class=\"wp-block-spacer\"><\/div>\n\n\n\n<div class=\"wp-block-columns is-layout-flex wp-container-core-columns-is-layout-6 wp-block-columns-is-layout-flex\">\n<div class=\"wp-block-column is-layout-flow wp-block-column-is-layout-flow\" style=\"flex-basis:50%\">\n<p class=\"has-text-align-left text-h3 has-body-white-color has-text-color has-large-font-size\">Schildern Sie uns Ihren speziellen Fall, und wir werden Ihnen eine L\u00f6sung anbieten, die genau auf Ihre Bed\u00fcrfnisse zugeschnitten ist.<\/p>\n\n\n\n<div style=\"height:56px\" aria-hidden=\"true\" class=\"wp-block-spacer\"><\/div>\n\n\n\n<div class=\"wp-block-buttons is-layout-flex wp-block-buttons-is-layout-flex\">\n<div class=\"wp-block-button\"><a class=\"wp-block-button__link has-primary-background-color has-background wp-element-button\" href=\"tel:+34976500108\">RUFEN SIE UNS AN<\/a><\/div>\n\n\n\n<div class=\"wp-block-button\"><a class=\"wp-block-button__link has-secondary-background-color has-background wp-element-button\" href=\"https:\/\/giconmes.es\/de\/kontakt\/\">KONTAKT US<\/a><\/div>\n\n\n\n<div class=\"wp-block-button is-style-outline is-style-outline--1\"><a class=\"wp-block-button__link has-body-white-color has-text-color wp-element-button\" href=\"https:\/\/giconmes.es\/de\/faqs\/\">FAQS<\/a><\/div>\n<\/div>\n<\/div>\n\n\n\n<div class=\"wp-block-column dnone-tablet is-layout-flow wp-block-column-is-layout-flow\" style=\"flex-basis:50%\">\n<p><\/p>\n<\/div>\n<\/div>\n\n\n\n<div style=\"height:124px\" aria-hidden=\"true\" class=\"wp-block-spacer\"><\/div>\n<\/div><\/div>\n\n<div class=\"wp-block-group\"><div class=\"wp-block-group__inner-container is-layout-constrained wp-block-group-is-layout-constrained\">\n<div class=\"wp-block-columns mb-0 is-layout-flex wp-container-core-columns-is-layout-7 wp-block-columns-is-layout-flex\">\n<div class=\"wp-block-column dnone-tablet is-layout-flow wp-block-column-is-layout-flow\" style=\"flex-basis:8.3%\">\n<figure class=\"wp-block-image size-full\"><img loading=\"lazy\" decoding=\"async\" width=\"9\" height=\"304\" src=\"https:\/\/giconmes.es\/wp-content\/uploads\/2023\/02\/LINE-blog.png\" alt=\". Generadores de vapor industrial Giconmes\" class=\"wp-image-298\" title=\"Generadores de vapor industrial Giconmes\"><\/figure>\n<\/div>\n\n\n\n<div class=\"wp-block-column is-layout-flow wp-block-column-is-layout-flow\" style=\"flex-basis:33.33%\">\n<div style=\"height:96px\" aria-hidden=\"true\" class=\"wp-block-spacer\"><\/div>\n\n\n\n<p class=\"text-h2\">Giconmes Technologie-Blog<\/p>\n<\/div>\n\n\n\n<div class=\"wp-block-column is-layout-flow wp-block-column-is-layout-flow\" style=\"flex-basis:58.3%\">\n<div style=\"height:96px\" aria-hidden=\"true\" class=\"wp-block-spacer dnone-mobile\"><\/div>\n\n\n\n<p>Hier finden Sie informative Artikel \u00fcber die <strong>Dampftechnologie, ihre Anwendung in der Industrie und die verschiedenen Arten der dazugeh\u00f6rigen Ausr\u00fcstung<\/strong> sowie die neuesten Trends, von uns erstellte Anlagen und neue Entwicklungen bei Kesseln oder Dampferzeugern f\u00fcr die gesamte Industrie.  <\/p>\n\n\n\n<p><a href=\"https:\/\/giconmes.es\/de\/blog\/\" data-type=\"page\" data-id=\"7\"><strong>ZUM BLOG GEHEN<\/strong><\/a><\/p>\n<\/div>\n<\/div>\n\n\n\n<div class=\"wp-block-query is-layout-flow wp-block-query-is-layout-flow\"><ul class=\"columns-3 wp-block-post-template is-layout-grid wp-container-core-post-template-is-layout-1 wp-block-post-template-is-layout-grid\"><li class=\"wp-block-post post-19533 post type-post status-publish format-standard has-post-thumbnail hentry category-industrie-de category-unkategorisiert\">\n<figure style=\"height:280px;\" class=\"wp-block-post-featured-image\"><a href=\"https:\/\/giconmes.es\/de\/die-rolle-von-elektrischen-dampfkesseln-bei-der-dekarbonisierung-und-den-industriellen-waermeeinnahmen\/\" target=\"_self\"  style=\"height:280px\"><img loading=\"lazy\" decoding=\"async\" width=\"1376\" height=\"729\" src=\"https:\/\/giconmes.es\/wp-content\/uploads\/2026\/03\/calderas-vapor-electricas-descarbonizacion-ingresos.webp\" class=\"attachment-post-thumbnail size-post-thumbnail wp-post-image\" alt=\"Die Rolle von elektrischen Dampfkesseln bei der Dekarbonisierung und den industriellen W\u00e4rmeeinnahmen\" style=\"height:280px;object-fit:cover;\" srcset=\"https:\/\/giconmes.es\/wp-content\/uploads\/2026\/03\/calderas-vapor-electricas-descarbonizacion-ingresos.webp 1376w, https:\/\/giconmes.es\/wp-content\/uploads\/2026\/03\/calderas-vapor-electricas-descarbonizacion-ingresos-300x159.webp 300w, https:\/\/giconmes.es\/wp-content\/uploads\/2026\/03\/calderas-vapor-electricas-descarbonizacion-ingresos-1024x543.webp 1024w, https:\/\/giconmes.es\/wp-content\/uploads\/2026\/03\/calderas-vapor-electricas-descarbonizacion-ingresos-768x407.webp 768w\" sizes=\"auto, (max-width: 1376px) 100vw, 1376px\" title=\"Generadores de vapor industrial Giconmes\"><\/a><\/figure>\n\n<div class=\"wp-block-post-date\"><time datetime=\"2026-03-19T12:00:00+01:00\">19. M\u00e4rz 2026<\/time><\/div>\n\n<p class=\"wp-block-post-title\"><a href=\"https:\/\/giconmes.es\/de\/die-rolle-von-elektrischen-dampfkesseln-bei-der-dekarbonisierung-und-den-industriellen-waermeeinnahmen\/\" target=\"_self\" >Die Rolle von elektrischen Dampfkesseln bei der Dekarbonisierung und den industriellen W\u00e4rmeeinnahmen<\/a><\/h4>\n<\/li><li class=\"wp-block-post post-19335 post type-post status-publish format-standard has-post-thumbnail hentry category-heizkessel-und-dampferzeuger\">\n<figure style=\"height:280px;\" class=\"wp-block-post-featured-image\"><a href=\"https:\/\/giconmes.es\/de\/warum-viele-raeume-nicht-die-vorgesehene-temperatur-erreichen-haeufige-fehler-bei-der-industriellen-waermedimensionierung\/\" target=\"_self\"  style=\"height:280px\"><img loading=\"lazy\" decoding=\"async\" width=\"1536\" height=\"1024\" src=\"https:\/\/giconmes.es\/wp-content\/uploads\/2026\/03\/dimensionamiento-termico-industrial-errores-comunes.webp\" class=\"attachment-post-thumbnail size-post-thumbnail wp-post-image\" alt=\"Warum viele R\u00e4ume nicht die vorgesehene Temperatur erreichen: h\u00e4ufige Fehler bei der industriellen W\u00e4rmedimensionierung\" style=\"height:280px;object-fit:cover;\" srcset=\"https:\/\/giconmes.es\/wp-content\/uploads\/2026\/03\/dimensionamiento-termico-industrial-errores-comunes.webp 1536w, https:\/\/giconmes.es\/wp-content\/uploads\/2026\/03\/dimensionamiento-termico-industrial-errores-comunes-300x200.webp 300w, https:\/\/giconmes.es\/wp-content\/uploads\/2026\/03\/dimensionamiento-termico-industrial-errores-comunes-1024x683.webp 1024w, https:\/\/giconmes.es\/wp-content\/uploads\/2026\/03\/dimensionamiento-termico-industrial-errores-comunes-768x512.webp 768w\" sizes=\"auto, (max-width: 1536px) 100vw, 1536px\" title=\"Generadores de vapor industrial Giconmes\"><\/a><\/figure>\n\n<div class=\"wp-block-post-date\"><time datetime=\"2026-03-05T11:00:00+01:00\">5. M\u00e4rz 2026<\/time><\/div>\n\n<p class=\"wp-block-post-title\"><a href=\"https:\/\/giconmes.es\/de\/warum-viele-raeume-nicht-die-vorgesehene-temperatur-erreichen-haeufige-fehler-bei-der-industriellen-waermedimensionierung\/\" target=\"_self\" >Warum viele R\u00e4ume nicht die vorgesehene Temperatur erreichen: h\u00e4ufige Fehler bei der industriellen W\u00e4rmedimensionierung<\/a><\/h4>\n<\/li><li class=\"wp-block-post post-19158 post type-post status-publish format-standard has-post-thumbnail hentry category-unkategorisiert\">\n<figure style=\"height:280px;\" class=\"wp-block-post-featured-image\"><a href=\"https:\/\/giconmes.es\/de\/ist-zum-aufheizen-von-reaktoren-auf-70-c-ein-elektrischer-dampfkessel-oder-ein-heisswasserkessel-effizienter\/\" target=\"_self\"  style=\"height:280px\"><img loading=\"lazy\" decoding=\"async\" width=\"1536\" height=\"1024\" src=\"https:\/\/giconmes.es\/wp-content\/uploads\/2026\/02\/calentar-reactor-70-grados-caldera-de-vapor.webp\" class=\"attachment-post-thumbnail size-post-thumbnail wp-post-image\" alt=\"Ist zum Aufheizen von Reaktoren auf 70 \u00b0C ein elektrischer Dampfkessel oder ein Hei\u00dfwasserkessel effizienter?\" style=\"height:280px;object-fit:cover;\" srcset=\"https:\/\/giconmes.es\/wp-content\/uploads\/2026\/02\/calentar-reactor-70-grados-caldera-de-vapor.webp 1536w, https:\/\/giconmes.es\/wp-content\/uploads\/2026\/02\/calentar-reactor-70-grados-caldera-de-vapor-300x200.webp 300w, https:\/\/giconmes.es\/wp-content\/uploads\/2026\/02\/calentar-reactor-70-grados-caldera-de-vapor-1024x683.webp 1024w, https:\/\/giconmes.es\/wp-content\/uploads\/2026\/02\/calentar-reactor-70-grados-caldera-de-vapor-768x512.webp 768w\" sizes=\"auto, (max-width: 1536px) 100vw, 1536px\" title=\"Generadores de vapor industrial Giconmes\"><\/a><\/figure>\n\n<div class=\"wp-block-post-date\"><time datetime=\"2026-02-19T11:00:00+01:00\">19. Februar 2026<\/time><\/div>\n\n<p class=\"wp-block-post-title\"><a href=\"https:\/\/giconmes.es\/de\/ist-zum-aufheizen-von-reaktoren-auf-70-c-ein-elektrischer-dampfkessel-oder-ein-heisswasserkessel-effizienter\/\" target=\"_self\" >Ist zum Aufheizen von Reaktoren auf 70 \u00b0C ein elektrischer Dampfkessel oder ein Hei\u00dfwasserkessel effizienter?<\/a><\/h4>\n<\/li><li class=\"wp-block-post post-19152 post type-post status-publish format-standard has-post-thumbnail hentry category-heizkessel-und-dampferzeuger\">\n<figure style=\"height:280px;\" class=\"wp-block-post-featured-image\"><a href=\"https:\/\/giconmes.es\/de\/7-industrielle-methoden-zur-erzeugung-von-heisswasser-mit-dampf\/\" target=\"_self\"  style=\"height:280px\"><img loading=\"lazy\" decoding=\"async\" width=\"1280\" height=\"853\" src=\"https:\/\/giconmes.es\/wp-content\/uploads\/2026\/02\/metodos-industriales-generacion-agua-caliente-vapor.webp\" class=\"attachment-post-thumbnail size-post-thumbnail wp-post-image\" alt=\"7 industrielle Methoden zur Erzeugung von Hei\u00dfwasser mit Dampf\" style=\"height:280px;object-fit:cover;\" srcset=\"https:\/\/giconmes.es\/wp-content\/uploads\/2026\/02\/metodos-industriales-generacion-agua-caliente-vapor.webp 1280w, https:\/\/giconmes.es\/wp-content\/uploads\/2026\/02\/metodos-industriales-generacion-agua-caliente-vapor-300x200.webp 300w, https:\/\/giconmes.es\/wp-content\/uploads\/2026\/02\/metodos-industriales-generacion-agua-caliente-vapor-1024x682.webp 1024w, https:\/\/giconmes.es\/wp-content\/uploads\/2026\/02\/metodos-industriales-generacion-agua-caliente-vapor-768x512.webp 768w\" sizes=\"auto, (max-width: 1280px) 100vw, 1280px\" title=\"Generadores de vapor industrial Giconmes\"><\/a><\/figure>\n\n<div class=\"wp-block-post-date\"><time datetime=\"2026-02-12T11:00:00+01:00\">12. Februar 2026<\/time><\/div>\n\n<p class=\"wp-block-post-title\"><a href=\"https:\/\/giconmes.es\/de\/7-industrielle-methoden-zur-erzeugung-von-heisswasser-mit-dampf\/\" target=\"_self\" >7 industrielle Methoden zur Erzeugung von Hei\u00dfwasser mit Dampf<\/a><\/h4>\n<\/li><li class=\"wp-block-post post-19045 post type-post status-publish format-standard has-post-thumbnail hentry category-industrie-de category-unkategorisiert\">\n<figure style=\"height:280px;\" class=\"wp-block-post-featured-image\"><a href=\"https:\/\/giconmes.es\/de\/giconmes-auf-der-fima-agriculture-2026-dampf-und-automatisierung-fuer-eine-nachhaltigere-landwirtschaft\/\" target=\"_self\"  style=\"height:280px\"><img loading=\"lazy\" decoding=\"async\" width=\"1536\" height=\"1024\" src=\"https:\/\/giconmes.es\/wp-content\/uploads\/2026\/02\/giconmes-fima-agricola-2026.webp\" class=\"attachment-post-thumbnail size-post-thumbnail wp-post-image\" alt=\"GICONMES auf der FIMA Agriculture 2026: Dampf und Automatisierung f\u00fcr eine nachhaltigere Landwirtschaft\" style=\"height:280px;object-fit:cover;\" srcset=\"https:\/\/giconmes.es\/wp-content\/uploads\/2026\/02\/giconmes-fima-agricola-2026.webp 1536w, https:\/\/giconmes.es\/wp-content\/uploads\/2026\/02\/giconmes-fima-agricola-2026-300x200.webp 300w, https:\/\/giconmes.es\/wp-content\/uploads\/2026\/02\/giconmes-fima-agricola-2026-1024x683.webp 1024w, https:\/\/giconmes.es\/wp-content\/uploads\/2026\/02\/giconmes-fima-agricola-2026-768x512.webp 768w\" sizes=\"auto, (max-width: 1536px) 100vw, 1536px\" title=\"Generadores de vapor industrial Giconmes\"><\/a><\/figure>\n\n<div class=\"wp-block-post-date\"><time datetime=\"2026-02-05T11:00:00+01:00\">5. Februar 2026<\/time><\/div>\n\n<p class=\"wp-block-post-title\"><a href=\"https:\/\/giconmes.es\/de\/giconmes-auf-der-fima-agriculture-2026-dampf-und-automatisierung-fuer-eine-nachhaltigere-landwirtschaft\/\" target=\"_self\" >GICONMES auf der FIMA Agriculture 2026: Dampf und Automatisierung f\u00fcr eine nachhaltigere Landwirtschaft<\/a><\/h4>\n<\/li><li class=\"wp-block-post post-18895 post type-post status-publish format-standard has-post-thumbnail hentry category-heizkessel-und-dampferzeuger\">\n<figure style=\"height:280px;\" class=\"wp-block-post-featured-image\"><a href=\"https:\/\/giconmes.es\/de\/dampfspeicher-oder-wie-sie-die-dampfmenge-ihres-elektrokessels-verdoppeln-koennen-ohne-die-leistung-zu-erhoehen\/\" target=\"_self\"  style=\"height:280px\"><img loading=\"lazy\" decoding=\"async\" width=\"1536\" height=\"847\" src=\"https:\/\/giconmes.es\/wp-content\/uploads\/2026\/01\/acumuladores-vapor.webp\" class=\"attachment-post-thumbnail size-post-thumbnail wp-post-image\" alt=\"Dampfspeicher, oder wie Sie die Dampfmenge Ihres Elektrokessels verdoppeln k\u00f6nnen, ohne die Leistung zu erh\u00f6hen.\" style=\"height:280px;object-fit:cover;\" srcset=\"https:\/\/giconmes.es\/wp-content\/uploads\/2026\/01\/acumuladores-vapor.webp 1536w, https:\/\/giconmes.es\/wp-content\/uploads\/2026\/01\/acumuladores-vapor-300x165.webp 300w, https:\/\/giconmes.es\/wp-content\/uploads\/2026\/01\/acumuladores-vapor-1024x565.webp 1024w, https:\/\/giconmes.es\/wp-content\/uploads\/2026\/01\/acumuladores-vapor-768x424.webp 768w\" sizes=\"auto, (max-width: 1536px) 100vw, 1536px\" title=\"Generadores de vapor industrial Giconmes\"><\/a><\/figure>\n\n<div class=\"wp-block-post-date\"><time datetime=\"2026-01-22T11:00:00+01:00\">22. Januar 2026<\/time><\/div>\n\n<p class=\"wp-block-post-title\"><a href=\"https:\/\/giconmes.es\/de\/dampfspeicher-oder-wie-sie-die-dampfmenge-ihres-elektrokessels-verdoppeln-koennen-ohne-die-leistung-zu-erhoehen\/\" target=\"_self\" >Dampfspeicher, oder wie Sie die Dampfmenge Ihres Elektrokessels verdoppeln k\u00f6nnen, ohne die Leistung zu erh\u00f6hen.<\/a><\/h4>\n<\/li><\/ul><\/div>\n\n\n\n<div style=\"height:112px\" aria-hidden=\"true\" class=\"wp-block-spacer\"><\/div>\n<\/div><\/div>\n","protected":false},"excerpt":{"rendered":"<p>Dampftechniker seit 1957.<br \/>\nFabrik- und Verfahrenstechnik f\u00fcr Heizung, Sanitisierung\/Desinfektion, Sterilisation und Prozessanwendungen. <\/p>\n","protected":false},"author":4,"featured_media":9302,"parent":0,"menu_order":0,"comment_status":"closed","ping_status":"closed","template":"","meta":{"_acf_changed":false,"footnotes":""},"class_list":["post-9294","page","type-page","status-publish","has-post-thumbnail","hentry"],"acf":[],"_links":{"self":[{"href":"https:\/\/giconmes.es\/de\/wp-json\/wp\/v2\/pages\/9294","targetHints":{"allow":["GET"]}}],"collection":[{"href":"https:\/\/giconmes.es\/de\/wp-json\/wp\/v2\/pages"}],"about":[{"href":"https:\/\/giconmes.es\/de\/wp-json\/wp\/v2\/types\/page"}],"author":[{"embeddable":true,"href":"https:\/\/giconmes.es\/de\/wp-json\/wp\/v2\/users\/4"}],"replies":[{"embeddable":true,"href":"https:\/\/giconmes.es\/de\/wp-json\/wp\/v2\/comments?post=9294"}],"version-history":[{"count":2,"href":"https:\/\/giconmes.es\/de\/wp-json\/wp\/v2\/pages\/9294\/revisions"}],"predecessor-version":[{"id":9307,"href":"https:\/\/giconmes.es\/de\/wp-json\/wp\/v2\/pages\/9294\/revisions\/9307"}],"wp:featuredmedia":[{"embeddable":true,"href":"https:\/\/giconmes.es\/de\/wp-json\/wp\/v2\/media\/9302"}],"wp:attachment":[{"href":"https:\/\/giconmes.es\/de\/wp-json\/wp\/v2\/media?parent=9294"}],"curies":[{"name":"wp","href":"https:\/\/api.w.org\/{rel}","templated":true}]}}